{"id":609317,"date":"2023-01-13T15:29:50","date_gmt":"2023-01-13T15:29:50","guid":{"rendered":"https:\/\/aukinkochile.com\/web\/producto\/clasificar-animales-mar-84-pz\/"},"modified":"2024-12-05T16:15:43","modified_gmt":"2024-12-05T16:15:43","slug":"clasificar-animales-mar-84-pz","status":"publish","type":"product","link":"https:\/\/aukinkochile.com\/web\/producto\/clasificar-animales-mar-84-pz\/","title":{"rendered":"Clasificar Animales Mar 84 pz"},"content":{"rendered":"<p>84 animales acu\u00e1ticos de goma de 14 tipos diferentes (manta raya, sapo, cangrejo, estrella, pez espada, tibur\u00f3n, pulpo, caballo de mar, tortuga, ping\u00fcino, foca, camar\u00f3n, delf\u00edn y ballena) y en 6 colores distintos (amarillo, rojo, verde, azul, naranjo, morado). Ideales para desarrollar habilidades matem\u00e1ticas. Excelente calidad. En envase pl\u00e1stico. 5 cm aprox. manta raya.<\/p>\n<p><p><strong>Material : <\/strong> Goma<\/p>\n<p><strong>C\u00f3digo Aukinko : <\/strong> 14-913150<\/p>\n<p><strong>C\u00f3digo Convenio Marco : <\/strong> x<\/p>\n","protected":false},"excerpt":{"rendered":"<p>84 animales acu\u00e1ticos de goma de 14 tipos diferentes (manta raya, sapo, cangrejo, estrella, pez espada, tibur\u00f3n, pulpo, caballo de mar, tortuga, ping\u00fcino, foca, camar\u00f3n, delf\u00edn y ballena) y en 6 colores distintos (amarillo, rojo, verde, azul, naranjo, morado). Ideales para desarrollar habilidades matem\u00e1ticas. Excelente calidad. En envase pl\u00e1stico. 5 cm aprox. manta raya. Material [&hellip;]<\/p>\n","protected":false},"featured_media":627863,"comment_status":"open","ping_status":"closed","template":"","meta":{"_et_pb_use_builder":"","_et_pb_old_content":"","_et_gb_content_width":""},"product_brand":[],"product_cat":[91,150,90],"product_tag":[],"class_list":{"0":"post-609317","1":"product","2":"type-product","3":"status-publish","4":"has-post-thumbnail","6":"product_cat-accesorios-sala","7":"product_cat-asociacion-y-logica","8":"product_cat-matematicas","9":"pa_edad-3-a-4-anos","10":"pa_edad-4-a-5-anos","11":"pa_edad-5-a-6-anos","12":"pa_edad-6-a-8-anos","13":"pa_marca-edx","14":"pa_medidas-20-x-16-x-5-cm","16":"first","17":"instock","18":"shipping-taxable","19":"purchasable","20":"product-type-simple"},"aioseo_notices":[],"_links":{"self":[{"href":"https:\/\/aukinkochile.com\/web\/wp-json\/wp\/v2\/product\/609317","targetHints":{"allow":["GET"]}}],"collection":[{"href":"https:\/\/aukinkochile.com\/web\/wp-json\/wp\/v2\/product"}],"about":[{"href":"https:\/\/aukinkochile.com\/web\/wp-json\/wp\/v2\/types\/product"}],"replies":[{"embeddable":true,"href":"https:\/\/aukinkochile.com\/web\/wp-json\/wp\/v2\/comments?post=609317"}],"wp:featuredmedia":[{"embeddable":true,"href":"https:\/\/aukinkochile.com\/web\/wp-json\/wp\/v2\/media\/627863"}],"wp:attachment":[{"href":"https:\/\/aukinkochile.com\/web\/wp-json\/wp\/v2\/media?parent=609317"}],"wp:term":[{"taxonomy":"product_brand","embeddable":true,"href":"https:\/\/aukinkochile.com\/web\/wp-json\/wp\/v2\/product_brand?post=609317"},{"taxonomy":"product_cat","embeddable":true,"href":"https:\/\/aukinkochile.com\/web\/wp-json\/wp\/v2\/product_cat?post=609317"},{"taxonomy":"product_tag","embeddable":true,"href":"https:\/\/aukinkochile.com\/web\/wp-json\/wp\/v2\/product_tag?post=609317"}],"curies":[{"name":"wp","href":"https:\/\/api.w.org\/{rel}","templated":true}]}}