{"id":609309,"date":"2023-01-13T15:29:47","date_gmt":"2023-01-13T15:29:47","guid":{"rendered":"https:\/\/aukinkochile.com\/web\/producto\/matematicas-base-10-4-colores\/"},"modified":"2024-12-05T16:15:36","modified_gmt":"2024-12-05T16:15:36","slug":"matematicas-base-10-4-colores","status":"publish","type":"product","link":"https:\/\/aukinkochile.com\/web\/producto\/matematicas-base-10-4-colores\/","title":{"rendered":"Matem\u00e1ticas Base 10 4 Colores"},"content":{"rendered":"<p>Material fundamental para cuando se estudia en matem\u00e1ticas el valor del lugar. Contiene 1 cubo rojo, 10 pisos azules, 10 barras verdes y 100 cubos amarillos. De gran calidad y resistencia.<\/p>\n<p><p><strong>Material : <\/strong> Pl\u00e1stico<\/p>\n<p><strong>C\u00f3digo Aukinko : <\/strong> 14-910510<\/p>\n<p><strong>C\u00f3digo Convenio Marco : <\/strong> x<\/p>\n","protected":false},"excerpt":{"rendered":"<p>Material fundamental para cuando se estudia en matem\u00e1ticas el valor del lugar. Contiene 1 cubo rojo, 10 pisos azules, 10 barras verdes y 100 cubos amarillos. De gran calidad y resistencia. Material : Pl\u00e1stico C\u00f3digo Aukinko : 14-910510 C\u00f3digo Convenio Marco : x<\/p>\n","protected":false},"featured_media":627856,"comment_status":"open","ping_status":"closed","template":"","meta":{"_et_pb_use_builder":"","_et_pb_old_content":"","_et_gb_content_width":""},"product_brand":[],"product_cat":[91,90],"product_tag":[],"class_list":{"0":"post-609309","1":"product","2":"type-product","3":"status-publish","4":"has-post-thumbnail","6":"product_cat-accesorios-sala","7":"product_cat-matematicas","8":"pa_edad-10-anos","9":"pa_edad-6-a-8-anos","10":"pa_edad-8-a-10-anos","11":"pa_marca-edx","12":"pa_medidas-11-x-11-x-26-cm","14":"first","15":"instock","16":"shipping-taxable","17":"purchasable","18":"product-type-simple"},"aioseo_notices":[],"_links":{"self":[{"href":"https:\/\/aukinkochile.com\/web\/wp-json\/wp\/v2\/product\/609309","targetHints":{"allow":["GET"]}}],"collection":[{"href":"https:\/\/aukinkochile.com\/web\/wp-json\/wp\/v2\/product"}],"about":[{"href":"https:\/\/aukinkochile.com\/web\/wp-json\/wp\/v2\/types\/product"}],"replies":[{"embeddable":true,"href":"https:\/\/aukinkochile.com\/web\/wp-json\/wp\/v2\/comments?post=609309"}],"wp:featuredmedia":[{"embeddable":true,"href":"https:\/\/aukinkochile.com\/web\/wp-json\/wp\/v2\/media\/627856"}],"wp:attachment":[{"href":"https:\/\/aukinkochile.com\/web\/wp-json\/wp\/v2\/media?parent=609309"}],"wp:term":[{"taxonomy":"product_brand","embeddable":true,"href":"https:\/\/aukinkochile.com\/web\/wp-json\/wp\/v2\/product_brand?post=609309"},{"taxonomy":"product_cat","embeddable":true,"href":"https:\/\/aukinkochile.com\/web\/wp-json\/wp\/v2\/product_cat?post=609309"},{"taxonomy":"product_tag","embeddable":true,"href":"https:\/\/aukinkochile.com\/web\/wp-json\/wp\/v2\/product_tag?post=609309"}],"curies":[{"name":"wp","href":"https:\/\/api.w.org\/{rel}","templated":true}]}}