{"id":609288,"date":"2023-01-13T15:29:34","date_gmt":"2023-01-13T15:29:34","guid":{"rendered":"https:\/\/aukinkochile.com\/web\/producto\/molde-arena-naturaleza-4-pz\/"},"modified":"2024-11-11T21:20:52","modified_gmt":"2024-11-11T21:20:52","slug":"molde-arena-naturaleza-4-pz","status":"publish","type":"product","link":"https:\/\/aukinkochile.com\/web\/producto\/molde-arena-naturaleza-4-pz\/","title":{"rendered":"Molde Arena Naturaleza set 4 pz"},"content":{"rendered":"<p>Set de 4 moldes de pl\u00e1stico (abeja, sapo, chinita y sol) en brillantes y diferentes colores. De gran calidad y resistencia.<\/p>\n<p><p><strong>Material : <\/strong> Pl\u00e1stico<\/p>\n<p><strong>C\u00f3digo Aukinko : <\/strong> 05-555860<\/p>\n<p><strong>C\u00f3digo Convenio Marco : <\/strong> x<\/p>\n","protected":false},"excerpt":{"rendered":"<p>Set de 4 moldes de pl\u00e1stico (abeja, sapo, chinita y sol) en brillantes y diferentes colores. De gran calidad y resistencia. Material : Pl\u00e1stico C\u00f3digo Aukinko : 05-555860 C\u00f3digo Convenio Marco : x<\/p>\n","protected":false},"featured_media":623383,"comment_status":"open","ping_status":"closed","template":"","meta":{"_et_pb_use_builder":"","_et_pb_old_content":"","_et_gb_content_width":""},"product_brand":[],"product_cat":[1005,17],"product_tag":[],"class_list":{"0":"post-609288","1":"product","2":"type-product","3":"status-publish","4":"has-post-thumbnail","6":"product_cat-accesorios-patio","7":"product_cat-juegos-de-rol","8":"pa_edad-1-a-2-anos","9":"pa_edad-2-a-3-anos","10":"pa_edad-3-a-4-anos","11":"pa_edad-4-a-5-anos","12":"pa_edad-5-a-6-anos","13":"pa_edad-6-a-8-anos","14":"pa_marca-gowi","15":"pa_medidas-14-x-12-x-4-cm","17":"first","18":"instock","19":"shipping-taxable","20":"purchasable","21":"product-type-simple"},"aioseo_notices":[],"_links":{"self":[{"href":"https:\/\/aukinkochile.com\/web\/wp-json\/wp\/v2\/product\/609288","targetHints":{"allow":["GET"]}}],"collection":[{"href":"https:\/\/aukinkochile.com\/web\/wp-json\/wp\/v2\/product"}],"about":[{"href":"https:\/\/aukinkochile.com\/web\/wp-json\/wp\/v2\/types\/product"}],"replies":[{"embeddable":true,"href":"https:\/\/aukinkochile.com\/web\/wp-json\/wp\/v2\/comments?post=609288"}],"wp:featuredmedia":[{"embeddable":true,"href":"https:\/\/aukinkochile.com\/web\/wp-json\/wp\/v2\/media\/623383"}],"wp:attachment":[{"href":"https:\/\/aukinkochile.com\/web\/wp-json\/wp\/v2\/media?parent=609288"}],"wp:term":[{"taxonomy":"product_brand","embeddable":true,"href":"https:\/\/aukinkochile.com\/web\/wp-json\/wp\/v2\/product_brand?post=609288"},{"taxonomy":"product_cat","embeddable":true,"href":"https:\/\/aukinkochile.com\/web\/wp-json\/wp\/v2\/product_cat?post=609288"},{"taxonomy":"product_tag","embeddable":true,"href":"https:\/\/aukinkochile.com\/web\/wp-json\/wp\/v2\/product_tag?post=609288"}],"curies":[{"name":"wp","href":"https:\/\/api.w.org\/{rel}","templated":true}]}}