{"id":609282,"date":"2023-01-13T15:29:31","date_gmt":"2023-01-13T15:29:31","guid":{"rendered":"https:\/\/aukinkochile.com\/web\/producto\/balde-con-colador-3-pz\/"},"modified":"2024-11-11T21:20:46","modified_gmt":"2024-11-11T21:20:46","slug":"balde-con-colador-3-pz","status":"publish","type":"product","link":"https:\/\/aukinkochile.com\/web\/producto\/balde-con-colador-3-pz\/","title":{"rendered":"Balde con Colador 3 pz"},"content":{"rendered":"<p>3 baldes con tres funciones diferentes, uno con punta para verter el agua, otro con orificios en una de las caras que decoran el balde, y el otro con orificios en la base. Tres entretenidas opciones para entretener a los m\u00e1s peque\u00f1os. Tambi\u00e9n incluye una palita redonda. De excelente calidad y colores brillantes.<\/p>\n<p><p><strong>Material : <\/strong> Pl\u00e1stico<\/p>\n<p><strong>C\u00f3digo Aukinko : <\/strong> 05-555812<\/p>\n<p><strong>C\u00f3digo Convenio Marco : <\/strong> x<\/p>\n","protected":false},"excerpt":{"rendered":"<p>3 baldes con tres funciones diferentes, uno con punta para verter el agua, otro con orificios en una de las caras que decoran el balde, y el otro con orificios en la base. Tres entretenidas opciones para entretener a los m\u00e1s peque\u00f1os. Tambi\u00e9n incluye una palita redonda. De excelente calidad y colores brillantes. Material : [&hellip;]<\/p>\n","protected":false},"featured_media":623376,"comment_status":"open","ping_status":"closed","template":"","meta":{"_et_pb_use_builder":"","_et_pb_old_content":"","_et_gb_content_width":""},"product_brand":[],"product_cat":[17],"product_tag":[],"class_list":{"0":"post-609282","1":"product","2":"type-product","3":"status-publish","4":"has-post-thumbnail","6":"product_cat-juegos-de-rol","7":"pa_edad-1-a-2-anos","8":"pa_edad-2-a-3-anos","9":"pa_edad-3-a-4-anos","10":"pa_edad-4-a-5-anos","11":"pa_edad-5-a-6-anos","12":"pa_edad-6-a-8-anos","13":"pa_marca-gowi","14":"pa_medidas-4379","15":"pa_medidas-5-cm-diametro","16":"pa_medidas-5-x-11","18":"first","19":"instock","20":"shipping-taxable","21":"purchasable","22":"product-type-simple"},"aioseo_notices":[],"_links":{"self":[{"href":"https:\/\/aukinkochile.com\/web\/wp-json\/wp\/v2\/product\/609282","targetHints":{"allow":["GET"]}}],"collection":[{"href":"https:\/\/aukinkochile.com\/web\/wp-json\/wp\/v2\/product"}],"about":[{"href":"https:\/\/aukinkochile.com\/web\/wp-json\/wp\/v2\/types\/product"}],"replies":[{"embeddable":true,"href":"https:\/\/aukinkochile.com\/web\/wp-json\/wp\/v2\/comments?post=609282"}],"wp:featuredmedia":[{"embeddable":true,"href":"https:\/\/aukinkochile.com\/web\/wp-json\/wp\/v2\/media\/623376"}],"wp:attachment":[{"href":"https:\/\/aukinkochile.com\/web\/wp-json\/wp\/v2\/media?parent=609282"}],"wp:term":[{"taxonomy":"product_brand","embeddable":true,"href":"https:\/\/aukinkochile.com\/web\/wp-json\/wp\/v2\/product_brand?post=609282"},{"taxonomy":"product_cat","embeddable":true,"href":"https:\/\/aukinkochile.com\/web\/wp-json\/wp\/v2\/product_cat?post=609282"},{"taxonomy":"product_tag","embeddable":true,"href":"https:\/\/aukinkochile.com\/web\/wp-json\/wp\/v2\/product_tag?post=609282"}],"curies":[{"name":"wp","href":"https:\/\/api.w.org\/{rel}","templated":true}]}}