{"id":605076,"date":"2022-12-02T19:02:29","date_gmt":"2022-12-02T19:02:29","guid":{"rendered":"https:\/\/aukinkochile.com\/web\/producto\/tambor-tom-tom\/"},"modified":"2025-11-26T21:58:58","modified_gmt":"2025-11-26T21:58:58","slug":"tambor-tom-tom","status":"publish","type":"product","link":"https:\/\/aukinkochile.com\/web\/producto\/tambor-tom-tom\/","title":{"rendered":"Instrumento Tambor Tom Tom"},"content":{"rendered":"<p>Instrumento de percusi\u00f3n cl\u00e1sico, este tambor de mano y mazo produce un excelente sonido. Cuenta con un c\u00f3modo agarre de goma, dise\u00f1ado especialmente para manos peque\u00f1as y un clipa para un f\u00e1cil almacenamiento. Los instrumentos son ideales para acercar a los ni\u00f1os y ni\u00f1as a la m\u00fasica y as\u00ed desarrollar sus sensibilidad y creatividad. Fabricado en pl\u00e1stico, de material suave y resistente y colores vivos.<\/p>\n<p><p><strong>Material : <\/strong> Pl\u00e1stico<\/p>\n<p><strong>C\u00f3digo Aukinko : <\/strong> 12-600707<\/p>\n<p><strong>C\u00f3digo Convenio Marco : <\/strong> x<\/p>\n","protected":false},"excerpt":{"rendered":"<p>Instrumento de percusi\u00f3n cl\u00e1sico, este tambor de mano y mazo produce un excelente sonido. Cuenta con un c\u00f3modo agarre de goma, dise\u00f1ado especialmente para manos peque\u00f1as y un clipa para un f\u00e1cil almacenamiento. Los instrumentos son ideales para acercar a los ni\u00f1os y ni\u00f1as a la m\u00fasica y as\u00ed desarrollar sus sensibilidad y creatividad. Fabricado [&hellip;]<\/p>\n","protected":false},"featured_media":627437,"comment_status":"open","ping_status":"closed","template":"","meta":{"_et_pb_use_builder":"","_et_pb_old_content":"","_et_gb_content_width":""},"product_brand":[],"product_cat":[91,7385,392],"product_tag":[],"class_list":{"0":"post-605076","1":"product","2":"type-product","3":"status-publish","4":"has-post-thumbnail","6":"product_cat-accesorios-sala","7":"product_cat-estimulacion-cognitiva-y-motora-para-adultos-mayores","8":"product_cat-musica","9":"pa_edad-1-a-2-anos","10":"pa_edad-2-a-3-anos","11":"pa_edad-3-a-4-anos","12":"pa_edad-4-a-5-anos","13":"pa_edad-5-a-6-anos","14":"pa_edad-6-a-8-anos","15":"pa_marca-halilit","16":"pa_medidas-21-x-5","17":"pa_medidas-5-cm","18":"pa_medidas-5-x-24","20":"first","21":"instock","22":"shipping-taxable","23":"purchasable","24":"product-type-simple"},"aioseo_notices":[],"_links":{"self":[{"href":"https:\/\/aukinkochile.com\/web\/wp-json\/wp\/v2\/product\/605076","targetHints":{"allow":["GET"]}}],"collection":[{"href":"https:\/\/aukinkochile.com\/web\/wp-json\/wp\/v2\/product"}],"about":[{"href":"https:\/\/aukinkochile.com\/web\/wp-json\/wp\/v2\/types\/product"}],"replies":[{"embeddable":true,"href":"https:\/\/aukinkochile.com\/web\/wp-json\/wp\/v2\/comments?post=605076"}],"wp:featuredmedia":[{"embeddable":true,"href":"https:\/\/aukinkochile.com\/web\/wp-json\/wp\/v2\/media\/627437"}],"wp:attachment":[{"href":"https:\/\/aukinkochile.com\/web\/wp-json\/wp\/v2\/media?parent=605076"}],"wp:term":[{"taxonomy":"product_brand","embeddable":true,"href":"https:\/\/aukinkochile.com\/web\/wp-json\/wp\/v2\/product_brand?post=605076"},{"taxonomy":"product_cat","embeddable":true,"href":"https:\/\/aukinkochile.com\/web\/wp-json\/wp\/v2\/product_cat?post=605076"},{"taxonomy":"product_tag","embeddable":true,"href":"https:\/\/aukinkochile.com\/web\/wp-json\/wp\/v2\/product_tag?post=605076"}],"curies":[{"name":"wp","href":"https:\/\/api.w.org\/{rel}","templated":true}]}}