{"id":604194,"date":"2022-11-24T18:39:50","date_gmt":"2022-11-24T18:39:50","guid":{"rendered":"https:\/\/aukinkochile.com\/web\/producto\/lentes-seguridad\/"},"modified":"2025-12-04T19:45:11","modified_gmt":"2025-12-04T19:45:11","slug":"lentes-seguridad","status":"publish","type":"product","link":"https:\/\/aukinkochile.com\/web\/producto\/lentes-seguridad\/","title":{"rendered":"Lentes Seguridad"},"content":{"rendered":"<p>Lente de seguridad transparente con marco de goma azul translucido. Dise\u00f1o ventilado. Cumple con la norma EN166 PPE. Correa ajustable. De gran calidad y dise\u00f1o.<\/p>\n<p><p><strong>Material : <\/strong> Pl\u00e1stico<\/p>\n<p><strong>C\u00f3digo Aukinko : <\/strong> 12-10002<\/p>\n<p><strong>C\u00f3digo Convenio Marco : <\/strong> x<\/p>\n","protected":false},"excerpt":{"rendered":"<p>Lente de seguridad transparente con marco de goma azul translucido. Dise\u00f1o ventilado. Cumple con la norma EN166 PPE. Correa ajustable. De gran calidad y dise\u00f1o. Material : Pl\u00e1stico C\u00f3digo Aukinko : 12-10002 C\u00f3digo Convenio Marco : x<\/p>\n","protected":false},"featured_media":627011,"comment_status":"open","ping_status":"closed","template":"","meta":{"_et_pb_use_builder":"","_et_pb_old_content":"","_et_gb_content_width":""},"product_brand":[],"product_cat":[92],"product_tag":[],"class_list":{"0":"post-604194","1":"product","2":"type-product","3":"status-publish","4":"has-post-thumbnail","6":"product_cat-ciencias","7":"pa_edad-10-anos","8":"pa_edad-8-a-10-anos","9":"pa_marca-edu-science","10":"pa_medidas-5-cm","11":"pa_medidas-5-x-19","12":"pa_medidas-8-x-6","14":"first","15":"instock","16":"shipping-taxable","17":"purchasable","18":"product-type-simple"},"aioseo_notices":[],"_links":{"self":[{"href":"https:\/\/aukinkochile.com\/web\/wp-json\/wp\/v2\/product\/604194","targetHints":{"allow":["GET"]}}],"collection":[{"href":"https:\/\/aukinkochile.com\/web\/wp-json\/wp\/v2\/product"}],"about":[{"href":"https:\/\/aukinkochile.com\/web\/wp-json\/wp\/v2\/types\/product"}],"replies":[{"embeddable":true,"href":"https:\/\/aukinkochile.com\/web\/wp-json\/wp\/v2\/comments?post=604194"}],"wp:featuredmedia":[{"embeddable":true,"href":"https:\/\/aukinkochile.com\/web\/wp-json\/wp\/v2\/media\/627011"}],"wp:attachment":[{"href":"https:\/\/aukinkochile.com\/web\/wp-json\/wp\/v2\/media?parent=604194"}],"wp:term":[{"taxonomy":"product_brand","embeddable":true,"href":"https:\/\/aukinkochile.com\/web\/wp-json\/wp\/v2\/product_brand?post=604194"},{"taxonomy":"product_cat","embeddable":true,"href":"https:\/\/aukinkochile.com\/web\/wp-json\/wp\/v2\/product_cat?post=604194"},{"taxonomy":"product_tag","embeddable":true,"href":"https:\/\/aukinkochile.com\/web\/wp-json\/wp\/v2\/product_tag?post=604194"}],"curies":[{"name":"wp","href":"https:\/\/api.w.org\/{rel}","templated":true}]}}