{"id":604002,"date":"2022-11-22T16:21:02","date_gmt":"2022-11-22T16:21:02","guid":{"rendered":"https:\/\/aukinkochile.com\/web\/producto\/paletas-tenis-anais\/"},"modified":"2025-07-28T16:48:37","modified_gmt":"2025-07-28T16:48:37","slug":"paletas-tenis-anais","status":"publish","type":"product","link":"https:\/\/aukinkochile.com\/web\/producto\/paletas-tenis-anais\/","title":{"rendered":"Paletas Tenis Anais"},"content":{"rendered":"<p>Tu primer juego de tenis para practicar tu t\u00e9cnica en la playa o en el parque. Las raquetas y la pelota se adaptan perfectamente a sus manitas y son muy f\u00e1ciles de llevar en la bolsa.<\/p>\n<p><p><strong>Material : <\/strong> Neopreno y Pl\u00e1stico<\/p>\n<p><strong>C\u00f3digo Aukinko : <\/strong> 09-783287<\/p>\n<p><strong>C\u00f3digo Convenio Marco : <\/strong> x<\/p>\n","protected":false},"excerpt":{"rendered":"<p>Tu primer juego de tenis para practicar tu t\u00e9cnica en la playa o en el parque. Las raquetas y la pelota se adaptan perfectamente a sus manitas y son muy f\u00e1ciles de llevar en la bolsa. Material : Neopreno y Pl\u00e1stico C\u00f3digo Aukinko : 09-783287 C\u00f3digo Convenio Marco : x<\/p>\n","protected":false},"featured_media":604001,"comment_status":"open","ping_status":"closed","template":"","meta":{"_et_pb_use_builder":"","_et_pb_old_content":"","_et_gb_content_width":""},"product_brand":[],"product_cat":[1005,148],"product_tag":[],"class_list":{"0":"post-604002","1":"product","2":"type-product","3":"status-publish","4":"has-post-thumbnail","6":"product_cat-accesorios-patio","7":"product_cat-deportes","8":"pa_edad-4-a-5-anos","9":"pa_edad-5-a-6-anos","10":"pa_edad-6-a-8-anos","11":"pa_marca-lilliputiens","12":"pa_medidas-31-x-1","13":"pa_medidas-5-x-17-cm","15":"first","16":"instock","17":"shipping-taxable","18":"purchasable","19":"product-type-simple"},"aioseo_notices":[],"_links":{"self":[{"href":"https:\/\/aukinkochile.com\/web\/wp-json\/wp\/v2\/product\/604002","targetHints":{"allow":["GET"]}}],"collection":[{"href":"https:\/\/aukinkochile.com\/web\/wp-json\/wp\/v2\/product"}],"about":[{"href":"https:\/\/aukinkochile.com\/web\/wp-json\/wp\/v2\/types\/product"}],"replies":[{"embeddable":true,"href":"https:\/\/aukinkochile.com\/web\/wp-json\/wp\/v2\/comments?post=604002"}],"wp:featuredmedia":[{"embeddable":true,"href":"https:\/\/aukinkochile.com\/web\/wp-json\/wp\/v2\/media\/604001"}],"wp:attachment":[{"href":"https:\/\/aukinkochile.com\/web\/wp-json\/wp\/v2\/media?parent=604002"}],"wp:term":[{"taxonomy":"product_brand","embeddable":true,"href":"https:\/\/aukinkochile.com\/web\/wp-json\/wp\/v2\/product_brand?post=604002"},{"taxonomy":"product_cat","embeddable":true,"href":"https:\/\/aukinkochile.com\/web\/wp-json\/wp\/v2\/product_cat?post=604002"},{"taxonomy":"product_tag","embeddable":true,"href":"https:\/\/aukinkochile.com\/web\/wp-json\/wp\/v2\/product_tag?post=604002"}],"curies":[{"name":"wp","href":"https:\/\/api.w.org\/{rel}","templated":true}]}}