{"id":603985,"date":"2022-11-22T16:20:51","date_gmt":"2022-11-22T16:20:51","guid":{"rendered":"https:\/\/aukinkochile.com\/web\/producto\/peluche-sorpresa-pablo\/"},"modified":"2025-07-28T16:48:32","modified_gmt":"2025-07-28T16:48:32","slug":"peluche-sorpresa-pablo","status":"publish","type":"product","link":"https:\/\/aukinkochile.com\/web\/producto\/peluche-sorpresa-pablo\/","title":{"rendered":"Peluche Sorpresa Pablo"},"content":{"rendered":"<p>El tuc\u00e1n Pablo es todo un reto para los ni\u00f1os curiosos. Sus colores, sonidos, materiales y actividades estimulan los sentidos. Si le aprietas el pico, gorjear\u00e1 de gustito. Poco a poco, tu peque\u00f1o ir\u00e1 relacionando acciones y reacciones. Se trata de un juego de actividades muy completo que le servir\u00e1 de apoyo en su desarrollo.<\/p>\n<p><p><strong>Material : <\/strong> Poli\u00e9ster<\/p>\n<p><strong>C\u00f3digo Aukinko : <\/strong> 09-783236<\/p>\n<p><strong>C\u00f3digo Convenio Marco : <\/strong> x<\/p>\n","protected":false},"excerpt":{"rendered":"<p>El tuc\u00e1n Pablo es todo un reto para los ni\u00f1os curiosos. Sus colores, sonidos, materiales y actividades estimulan los sentidos. Si le aprietas el pico, gorjear\u00e1 de gustito. Poco a poco, tu peque\u00f1o ir\u00e1 relacionando acciones y reacciones. Se trata de un juego de actividades muy completo que le servir\u00e1 de apoyo en su desarrollo. [&hellip;]<\/p>\n","protected":false},"featured_media":603984,"comment_status":"open","ping_status":"closed","template":"","meta":{"_et_pb_use_builder":"","_et_pb_old_content":"","_et_gb_content_width":""},"product_brand":[],"product_cat":[212,23],"product_tag":[],"class_list":{"0":"post-603985","1":"product","2":"type-product","3":"status-publish","4":"has-post-thumbnail","6":"product_cat-munecos-y-figuras","7":"product_cat-primeros-anos","8":"pa_edad-0-a-1-ano","9":"pa_edad-1-a-2-anos","10":"pa_edad-2-a-3-anos","11":"pa_marca-lilliputiens","12":"pa_medidas-14-x-14","13":"pa_medidas-5-cm","14":"pa_medidas-5-x-14","16":"first","17":"instock","18":"shipping-taxable","19":"purchasable","20":"product-type-simple"},"aioseo_notices":[],"_links":{"self":[{"href":"https:\/\/aukinkochile.com\/web\/wp-json\/wp\/v2\/product\/603985","targetHints":{"allow":["GET"]}}],"collection":[{"href":"https:\/\/aukinkochile.com\/web\/wp-json\/wp\/v2\/product"}],"about":[{"href":"https:\/\/aukinkochile.com\/web\/wp-json\/wp\/v2\/types\/product"}],"replies":[{"embeddable":true,"href":"https:\/\/aukinkochile.com\/web\/wp-json\/wp\/v2\/comments?post=603985"}],"wp:featuredmedia":[{"embeddable":true,"href":"https:\/\/aukinkochile.com\/web\/wp-json\/wp\/v2\/media\/603984"}],"wp:attachment":[{"href":"https:\/\/aukinkochile.com\/web\/wp-json\/wp\/v2\/media?parent=603985"}],"wp:term":[{"taxonomy":"product_brand","embeddable":true,"href":"https:\/\/aukinkochile.com\/web\/wp-json\/wp\/v2\/product_brand?post=603985"},{"taxonomy":"product_cat","embeddable":true,"href":"https:\/\/aukinkochile.com\/web\/wp-json\/wp\/v2\/product_cat?post=603985"},{"taxonomy":"product_tag","embeddable":true,"href":"https:\/\/aukinkochile.com\/web\/wp-json\/wp\/v2\/product_tag?post=603985"}],"curies":[{"name":"wp","href":"https:\/\/api.w.org\/{rel}","templated":true}]}}