{"id":603979,"date":"2022-11-22T16:20:48","date_gmt":"2022-11-22T16:20:48","guid":{"rendered":"https:\/\/aukinkochile.com\/web\/producto\/juego-persecucion-colas-locas-4-pz\/"},"modified":"2025-07-28T16:48:06","modified_gmt":"2025-07-28T16:48:06","slug":"juego-persecucion-colas-locas-4-pz","status":"publish","type":"product","link":"https:\/\/aukinkochile.com\/web\/producto\/juego-persecucion-colas-locas-4-pz\/","title":{"rendered":"Juego Persecuci\u00f3n Colas Locas 4 pz"},"content":{"rendered":"<p>Ah prepararse para este divertido juego porque el ganador ser\u00e1 el \u00faltimo que mantenga la cola colgada. Este juego de persecuci\u00f3n pensado para divertirse a tope consta de cuatro colas que nos recuerdan algo muy importante: \u00a1nunca les des la espalda a tus\u00a0amigos!. De material suave y resistente.<\/p>\n<p><p><strong>Material : <\/strong> Genero<\/p>\n<p><strong>C\u00f3digo Aukinko : <\/strong> 09-783191<\/p>\n<p><strong>C\u00f3digo Convenio Marco : <\/strong> x<\/p>\n","protected":false},"excerpt":{"rendered":"<p>Ah prepararse para este divertido juego porque el ganador ser\u00e1 el \u00faltimo que mantenga la cola colgada. Este juego de persecuci\u00f3n pensado para divertirse a tope consta de cuatro colas que nos recuerdan algo muy importante: \u00a1nunca les des la espalda a tus\u00a0amigos!. De material suave y resistente. Material : Genero C\u00f3digo Aukinko : 09-783191 [&hellip;]<\/p>\n","protected":false},"featured_media":626851,"comment_status":"open","ping_status":"closed","template":"","meta":{"_et_pb_use_builder":"","_et_pb_old_content":"","_et_gb_content_width":""},"product_brand":[],"product_cat":[1005,18],"product_tag":[],"class_list":{"0":"post-603979","1":"product","2":"type-product","3":"status-publish","4":"has-post-thumbnail","6":"product_cat-accesorios-patio","7":"product_cat-motricidad-gruesa","8":"pa_edad-10-anos","9":"pa_edad-4-a-5-anos","10":"pa_edad-5-a-6-anos","11":"pa_edad-6-a-8-anos","12":"pa_edad-8-a-10-anos","13":"pa_marca-lilliputiens","14":"pa_medidas-4469","15":"pa_medidas-5-x-24-cm","16":"pa_medidas-cinturon-108-x-2","17":"pa_medidas-colas-10","19":"first","20":"instock","21":"shipping-taxable","22":"purchasable","23":"product-type-simple"},"aioseo_notices":[],"_links":{"self":[{"href":"https:\/\/aukinkochile.com\/web\/wp-json\/wp\/v2\/product\/603979","targetHints":{"allow":["GET"]}}],"collection":[{"href":"https:\/\/aukinkochile.com\/web\/wp-json\/wp\/v2\/product"}],"about":[{"href":"https:\/\/aukinkochile.com\/web\/wp-json\/wp\/v2\/types\/product"}],"replies":[{"embeddable":true,"href":"https:\/\/aukinkochile.com\/web\/wp-json\/wp\/v2\/comments?post=603979"}],"wp:featuredmedia":[{"embeddable":true,"href":"https:\/\/aukinkochile.com\/web\/wp-json\/wp\/v2\/media\/626851"}],"wp:attachment":[{"href":"https:\/\/aukinkochile.com\/web\/wp-json\/wp\/v2\/media?parent=603979"}],"wp:term":[{"taxonomy":"product_brand","embeddable":true,"href":"https:\/\/aukinkochile.com\/web\/wp-json\/wp\/v2\/product_brand?post=603979"},{"taxonomy":"product_cat","embeddable":true,"href":"https:\/\/aukinkochile.com\/web\/wp-json\/wp\/v2\/product_cat?post=603979"},{"taxonomy":"product_tag","embeddable":true,"href":"https:\/\/aukinkochile.com\/web\/wp-json\/wp\/v2\/product_tag?post=603979"}],"curies":[{"name":"wp","href":"https:\/\/api.w.org\/{rel}","templated":true}]}}