{"id":603975,"date":"2022-11-22T16:20:43","date_gmt":"2022-11-22T16:20:43","guid":{"rendered":"https:\/\/aukinkochile.com\/web\/producto\/deporte-cuerda-saltar-marius\/"},"modified":"2025-07-28T16:48:03","modified_gmt":"2025-07-28T16:48:03","slug":"deporte-cuerda-saltar-marius","status":"publish","type":"product","link":"https:\/\/aukinkochile.com\/web\/producto\/deporte-cuerda-saltar-marius\/","title":{"rendered":"Cuerda Saltar Marius"},"content":{"rendered":"<p>Hermosa cuerda de saltar con los divertidos dise\u00f1os de Lilliputiens. Mangos de madera. Realizado en material suave y resistente.<\/p>\n<p><p><strong>Material : <\/strong> Madera y Genero<\/p>\n<p><strong>C\u00f3digo Aukinko : <\/strong> 09-783187<\/p>\n<p><strong>C\u00f3digo Convenio Marco : <\/strong> x<\/p>\n","protected":false},"excerpt":{"rendered":"<p>Hermosa cuerda de saltar con los divertidos dise\u00f1os de Lilliputiens. Mangos de madera. Realizado en material suave y resistente. Material : Madera y Genero C\u00f3digo Aukinko : 09-783187 C\u00f3digo Convenio Marco : x<\/p>\n","protected":false},"featured_media":626847,"comment_status":"open","ping_status":"closed","template":"","meta":{"_et_pb_use_builder":"","_et_pb_old_content":"","_et_gb_content_width":""},"product_brand":[],"product_cat":[1005,148,7385,18],"product_tag":[],"class_list":{"0":"post-603975","1":"product","2":"type-product","3":"status-publish","4":"has-post-thumbnail","6":"product_cat-accesorios-patio","7":"product_cat-deportes","8":"product_cat-estimulacion-cognitiva-y-motora-para-adultos-mayores","9":"product_cat-motricidad-gruesa","10":"pa_edad-10-anos","11":"pa_edad-4-a-5-anos","12":"pa_edad-5-a-6-anos","13":"pa_edad-6-a-8-anos","14":"pa_edad-8-a-10-anos","15":"pa_marca-lilliputiens","16":"pa_medidas-185-x-5-x-15-cm","18":"first","19":"instock","20":"shipping-taxable","21":"purchasable","22":"product-type-simple"},"aioseo_notices":[],"_links":{"self":[{"href":"https:\/\/aukinkochile.com\/web\/wp-json\/wp\/v2\/product\/603975","targetHints":{"allow":["GET"]}}],"collection":[{"href":"https:\/\/aukinkochile.com\/web\/wp-json\/wp\/v2\/product"}],"about":[{"href":"https:\/\/aukinkochile.com\/web\/wp-json\/wp\/v2\/types\/product"}],"replies":[{"embeddable":true,"href":"https:\/\/aukinkochile.com\/web\/wp-json\/wp\/v2\/comments?post=603975"}],"wp:featuredmedia":[{"embeddable":true,"href":"https:\/\/aukinkochile.com\/web\/wp-json\/wp\/v2\/media\/626847"}],"wp:attachment":[{"href":"https:\/\/aukinkochile.com\/web\/wp-json\/wp\/v2\/media?parent=603975"}],"wp:term":[{"taxonomy":"product_brand","embeddable":true,"href":"https:\/\/aukinkochile.com\/web\/wp-json\/wp\/v2\/product_brand?post=603975"},{"taxonomy":"product_cat","embeddable":true,"href":"https:\/\/aukinkochile.com\/web\/wp-json\/wp\/v2\/product_cat?post=603975"},{"taxonomy":"product_tag","embeddable":true,"href":"https:\/\/aukinkochile.com\/web\/wp-json\/wp\/v2\/product_tag?post=603975"}],"curies":[{"name":"wp","href":"https:\/\/api.w.org\/{rel}","templated":true}]}}