{"id":603946,"date":"2022-11-22T16:20:18","date_gmt":"2022-11-22T16:20:18","guid":{"rendered":"https:\/\/aukinkochile.com\/web\/producto\/juego-pesca-alice\/"},"modified":"2025-07-28T16:47:50","modified_gmt":"2025-07-28T16:47:50","slug":"juego-pesca-alice","status":"publish","type":"product","link":"https:\/\/aukinkochile.com\/web\/producto\/juego-pesca-alice\/","title":{"rendered":"Juego Pesca Alice"},"content":{"rendered":"<p>Con nuestro divertido juego de pesca, tu peque\u00f1o estar\u00e1 feliz como pez en el agua. Observa c\u00f3mo sus habilidades motrices finas se desarrollan mientras utiliza una ca\u00f1a de pescar magn\u00e9tica para capturar diferentes criaturas y cuenta cu\u00e1ntas ha pescado esta vez.<\/p>\n<p><p><strong>Material : <\/strong> Poli\u00e9ster<\/p>\n<p><strong>C\u00f3digo Aukinko : <\/strong> 09-783090<\/p>\n<p><strong>C\u00f3digo Convenio Marco : <\/strong> x<\/p>\n","protected":false},"excerpt":{"rendered":"<p>Con nuestro divertido juego de pesca, tu peque\u00f1o estar\u00e1 feliz como pez en el agua. Observa c\u00f3mo sus habilidades motrices finas se desarrollan mientras utiliza una ca\u00f1a de pescar magn\u00e9tica para capturar diferentes criaturas y cuenta cu\u00e1ntas ha pescado esta vez. Material : Poli\u00e9ster C\u00f3digo Aukinko : 09-783090 C\u00f3digo Convenio Marco : x<\/p>\n","protected":false},"featured_media":626828,"comment_status":"open","ping_status":"closed","template":"","meta":{"_et_pb_use_builder":"","_et_pb_old_content":"","_et_gb_content_width":""},"product_brand":[],"product_cat":[20],"product_tag":[],"class_list":{"0":"post-603946","1":"product","2":"type-product","3":"status-publish","4":"has-post-thumbnail","6":"product_cat-motricidad-fina","7":"pa_edad-1-a-2-anos","8":"pa_edad-2-a-3-anos","9":"pa_marca-lilliputiens","10":"pa_medidas-23-x-18-x-9-cm","12":"first","13":"instock","14":"shipping-taxable","15":"purchasable","16":"product-type-simple"},"aioseo_notices":[],"_links":{"self":[{"href":"https:\/\/aukinkochile.com\/web\/wp-json\/wp\/v2\/product\/603946","targetHints":{"allow":["GET"]}}],"collection":[{"href":"https:\/\/aukinkochile.com\/web\/wp-json\/wp\/v2\/product"}],"about":[{"href":"https:\/\/aukinkochile.com\/web\/wp-json\/wp\/v2\/types\/product"}],"replies":[{"embeddable":true,"href":"https:\/\/aukinkochile.com\/web\/wp-json\/wp\/v2\/comments?post=603946"}],"wp:featuredmedia":[{"embeddable":true,"href":"https:\/\/aukinkochile.com\/web\/wp-json\/wp\/v2\/media\/626828"}],"wp:attachment":[{"href":"https:\/\/aukinkochile.com\/web\/wp-json\/wp\/v2\/media?parent=603946"}],"wp:term":[{"taxonomy":"product_brand","embeddable":true,"href":"https:\/\/aukinkochile.com\/web\/wp-json\/wp\/v2\/product_brand?post=603946"},{"taxonomy":"product_cat","embeddable":true,"href":"https:\/\/aukinkochile.com\/web\/wp-json\/wp\/v2\/product_cat?post=603946"},{"taxonomy":"product_tag","embeddable":true,"href":"https:\/\/aukinkochile.com\/web\/wp-json\/wp\/v2\/product_tag?post=603946"}],"curies":[{"name":"wp","href":"https:\/\/api.w.org\/{rel}","templated":true}]}}