{"id":603945,"date":"2022-11-22T16:20:18","date_gmt":"2022-11-22T16:20:18","guid":{"rendered":"https:\/\/aukinkochile.com\/web\/producto\/juego-didactico-mi-primera-arca-de-noe\/"},"modified":"2025-07-28T16:47:48","modified_gmt":"2025-07-28T16:47:48","slug":"juego-didactico-mi-primera-arca-de-noe","status":"publish","type":"product","link":"https:\/\/aukinkochile.com\/web\/producto\/juego-didactico-mi-primera-arca-de-noe\/","title":{"rendered":"Juego Did\u00e1ctico Mi Primera Arca De Noe"},"content":{"rendered":"<p>\u00a1Los peque\u00f1os aventureros est\u00e1n de suerte! Deja que tu beb\u00e9 juegue con nuestros famosos personajes, que vienen por parejas para subir al arca. Observa c\u00f3mo los ni\u00f1os inventan historias sobre los animales e imaginan el mundo a su antojo. El arca es f\u00e1cil de llevar gracias a su asa y es perfecta para albergar a todos los animales. Incluye 10 animales.<\/p>\n<p><p><strong>Material : <\/strong> Poli\u00e9ster<\/p>\n<p><strong>C\u00f3digo Aukinko : <\/strong> 09-783089<\/p>\n<p><strong>C\u00f3digo Convenio Marco : <\/strong> x<\/p>\n","protected":false},"excerpt":{"rendered":"<p>\u00a1Los peque\u00f1os aventureros est\u00e1n de suerte! Deja que tu beb\u00e9 juegue con nuestros famosos personajes, que vienen por parejas para subir al arca. Observa c\u00f3mo los ni\u00f1os inventan historias sobre los animales e imaginan el mundo a su antojo. El arca es f\u00e1cil de llevar gracias a su asa y es perfecta para albergar a [&hellip;]<\/p>\n","protected":false},"featured_media":626827,"comment_status":"open","ping_status":"closed","template":"","meta":{"_et_pb_use_builder":"","_et_pb_old_content":"","_et_gb_content_width":""},"product_brand":[],"product_cat":[17,20],"product_tag":[],"class_list":{"0":"post-603945","1":"product","2":"type-product","3":"status-publish","4":"has-post-thumbnail","6":"product_cat-juegos-de-rol","7":"product_cat-motricidad-fina","8":"pa_edad-1-a-2-anos","9":"pa_edad-2-a-3-anos","10":"pa_edad-3-a-4-anos","11":"pa_edad-4-a-5-anos","12":"pa_edad-5-a-6-anos","13":"pa_marca-lilliputiens","14":"pa_medidas-30-x-16-x-16-cm","16":"first","17":"instock","18":"shipping-taxable","19":"purchasable","20":"product-type-simple"},"aioseo_notices":[],"_links":{"self":[{"href":"https:\/\/aukinkochile.com\/web\/wp-json\/wp\/v2\/product\/603945","targetHints":{"allow":["GET"]}}],"collection":[{"href":"https:\/\/aukinkochile.com\/web\/wp-json\/wp\/v2\/product"}],"about":[{"href":"https:\/\/aukinkochile.com\/web\/wp-json\/wp\/v2\/types\/product"}],"replies":[{"embeddable":true,"href":"https:\/\/aukinkochile.com\/web\/wp-json\/wp\/v2\/comments?post=603945"}],"wp:featuredmedia":[{"embeddable":true,"href":"https:\/\/aukinkochile.com\/web\/wp-json\/wp\/v2\/media\/626827"}],"wp:attachment":[{"href":"https:\/\/aukinkochile.com\/web\/wp-json\/wp\/v2\/media?parent=603945"}],"wp:term":[{"taxonomy":"product_brand","embeddable":true,"href":"https:\/\/aukinkochile.com\/web\/wp-json\/wp\/v2\/product_brand?post=603945"},{"taxonomy":"product_cat","embeddable":true,"href":"https:\/\/aukinkochile.com\/web\/wp-json\/wp\/v2\/product_cat?post=603945"},{"taxonomy":"product_tag","embeddable":true,"href":"https:\/\/aukinkochile.com\/web\/wp-json\/wp\/v2\/product_tag?post=603945"}],"curies":[{"name":"wp","href":"https:\/\/api.w.org\/{rel}","templated":true}]}}