{"id":603933,"date":"2022-11-22T16:20:10","date_gmt":"2022-11-22T16:20:10","guid":{"rendered":"https:\/\/aukinkochile.com\/web\/producto\/libro-recetas-postres\/"},"modified":"2025-07-28T16:47:31","modified_gmt":"2025-07-28T16:47:31","slug":"libro-recetas-postres","status":"publish","type":"product","link":"https:\/\/aukinkochile.com\/web\/producto\/libro-recetas-postres\/","title":{"rendered":"Libro Recetas Postres"},"content":{"rendered":"<p>Con este divertido libro de cocina, ser\u00e1s el chef o pastelero de la casa. Contiene 12 recetas deliciosas y cuatro postres de los famosos cocineros Michel &#038; Agust\u00edn. \u00a1Ser\u00e1s el mejor haciendo tarta de queso, pudding de arroz, crumble y tarta de queso!<\/p>\n<p><p><strong>Material : <\/strong> Papel<\/p>\n<p><strong>C\u00f3digo Aukinko : <\/strong> 09-781133<\/p>\n<p><strong>C\u00f3digo Convenio Marco : <\/strong> x<\/p>\n","protected":false},"excerpt":{"rendered":"<p>Con este divertido libro de cocina, ser\u00e1s el chef o pastelero de la casa. Contiene 12 recetas deliciosas y cuatro postres de los famosos cocineros Michel &#038; Agust\u00edn. \u00a1Ser\u00e1s el mejor haciendo tarta de queso, pudding de arroz, crumble y tarta de queso! Material : Papel C\u00f3digo Aukinko : 09-781133 C\u00f3digo Convenio Marco : x<\/p>\n","protected":false},"featured_media":626814,"comment_status":"open","ping_status":"closed","template":"","meta":{"_et_pb_use_builder":"","_et_pb_old_content":"","_et_gb_content_width":""},"product_brand":[],"product_cat":[21],"product_tag":[],"class_list":{"0":"post-603933","1":"product","2":"type-product","3":"status-publish","4":"has-post-thumbnail","6":"product_cat-arte-y-manipulacion","7":"pa_edad-10-anos","8":"pa_edad-3-a-4-anos","9":"pa_edad-4-a-5-anos","10":"pa_edad-5-a-6-anos","11":"pa_edad-6-a-8-anos","12":"pa_edad-8-a-10-anos","13":"pa_marca-lilliputiens","14":"pa_medidas-30-x-21-cm","16":"first","17":"instock","18":"shipping-taxable","19":"purchasable","20":"product-type-simple"},"aioseo_notices":[],"_links":{"self":[{"href":"https:\/\/aukinkochile.com\/web\/wp-json\/wp\/v2\/product\/603933","targetHints":{"allow":["GET"]}}],"collection":[{"href":"https:\/\/aukinkochile.com\/web\/wp-json\/wp\/v2\/product"}],"about":[{"href":"https:\/\/aukinkochile.com\/web\/wp-json\/wp\/v2\/types\/product"}],"replies":[{"embeddable":true,"href":"https:\/\/aukinkochile.com\/web\/wp-json\/wp\/v2\/comments?post=603933"}],"wp:featuredmedia":[{"embeddable":true,"href":"https:\/\/aukinkochile.com\/web\/wp-json\/wp\/v2\/media\/626814"}],"wp:attachment":[{"href":"https:\/\/aukinkochile.com\/web\/wp-json\/wp\/v2\/media?parent=603933"}],"wp:term":[{"taxonomy":"product_brand","embeddable":true,"href":"https:\/\/aukinkochile.com\/web\/wp-json\/wp\/v2\/product_brand?post=603933"},{"taxonomy":"product_cat","embeddable":true,"href":"https:\/\/aukinkochile.com\/web\/wp-json\/wp\/v2\/product_cat?post=603933"},{"taxonomy":"product_tag","embeddable":true,"href":"https:\/\/aukinkochile.com\/web\/wp-json\/wp\/v2\/product_tag?post=603933"}],"curies":[{"name":"wp","href":"https:\/\/api.w.org\/{rel}","templated":true}]}}