{"id":603216,"date":"2022-11-14T13:55:24","date_gmt":"2022-11-14T13:55:24","guid":{"rendered":"https:\/\/aukinkochile.com\/web\/producto\/cometa-sky-move\/"},"modified":"2023-10-20T16:00:36","modified_gmt":"2023-10-20T16:00:36","slug":"cometa-sky-move","status":"publish","type":"product","link":"https:\/\/aukinkochile.com\/web\/producto\/cometa-sky-move\/","title":{"rendered":"Cometa Sky Move"},"content":{"rendered":"<p>Diversi\u00f3n de vuelo para profesionales. Ca\u00f1as de resistente fibra de vidrio de 6 mm, velas de poli\u00e9ster resistente al desgarro y l\u00edneas de alta calidad en bobinas, todo ello embalado en una pr\u00e1ctica bolsa de poli\u00e9ster muy peque\u00f1a. El embalaje tiene solo 59 cm de largo, optimizado para el transporte en autom\u00f3vil, etc.<\/p>\n<p><p><strong>Material : <\/strong> POLIESTER<\/p>\n<p><strong>C\u00f3digo Aukinko : <\/strong> 05-1074<\/p>\n<p><strong>C\u00f3digo Convenio Marco : <\/strong> <\/p>\n","protected":false},"excerpt":{"rendered":"<p>Diversi\u00f3n de vuelo para profesionales. Ca\u00f1as de resistente fibra de vidrio de 6 mm, velas de poli\u00e9ster resistente al desgarro y l\u00edneas de alta calidad en bobinas, todo ello embalado en una pr\u00e1ctica bolsa de poli\u00e9ster muy peque\u00f1a. El embalaje tiene solo 59 cm de largo, optimizado para el transporte en autom\u00f3vil, etc. Material : [&hellip;]<\/p>\n","protected":false},"featured_media":623309,"comment_status":"open","ping_status":"closed","template":"","meta":{"_et_pb_use_builder":"","_et_pb_old_content":"","_et_gb_content_width":""},"product_brand":[],"product_cat":[1005,18],"product_tag":[],"class_list":{"0":"post-603216","1":"product","2":"type-product","3":"status-publish","4":"has-post-thumbnail","6":"product_cat-accesorios-patio","7":"product_cat-motricidad-gruesa","8":"pa_edad-10-anos","9":"pa_edad-8-a-10-anos","10":"pa_marca-gunther","11":"pa_medidas-160-x-69-cm","13":"first","14":"instock","15":"shipping-taxable","16":"purchasable","17":"product-type-simple"},"aioseo_notices":[],"_links":{"self":[{"href":"https:\/\/aukinkochile.com\/web\/wp-json\/wp\/v2\/product\/603216","targetHints":{"allow":["GET"]}}],"collection":[{"href":"https:\/\/aukinkochile.com\/web\/wp-json\/wp\/v2\/product"}],"about":[{"href":"https:\/\/aukinkochile.com\/web\/wp-json\/wp\/v2\/types\/product"}],"replies":[{"embeddable":true,"href":"https:\/\/aukinkochile.com\/web\/wp-json\/wp\/v2\/comments?post=603216"}],"wp:featuredmedia":[{"embeddable":true,"href":"https:\/\/aukinkochile.com\/web\/wp-json\/wp\/v2\/media\/623309"}],"wp:attachment":[{"href":"https:\/\/aukinkochile.com\/web\/wp-json\/wp\/v2\/media?parent=603216"}],"wp:term":[{"taxonomy":"product_brand","embeddable":true,"href":"https:\/\/aukinkochile.com\/web\/wp-json\/wp\/v2\/product_brand?post=603216"},{"taxonomy":"product_cat","embeddable":true,"href":"https:\/\/aukinkochile.com\/web\/wp-json\/wp\/v2\/product_cat?post=603216"},{"taxonomy":"product_tag","embeddable":true,"href":"https:\/\/aukinkochile.com\/web\/wp-json\/wp\/v2\/product_tag?post=603216"}],"curies":[{"name":"wp","href":"https:\/\/api.w.org\/{rel}","templated":true}]}}