{"id":603183,"date":"2022-11-14T13:41:29","date_gmt":"2022-11-14T13:41:29","guid":{"rendered":"https:\/\/aukinkochile.com\/web\/producto\/deportes-aro-60-cm\/"},"modified":"2026-03-27T17:09:33","modified_gmt":"2026-03-27T17:09:33","slug":"deportes-aro-60-cm","status":"publish","type":"product","link":"https:\/\/aukinkochile.com\/web\/producto\/deportes-aro-60-cm\/","title":{"rendered":"Deportes Aro 60 cm"},"content":{"rendered":"<p>Aro pl\u00e1stico de 60 cm de di\u00e1metro. De excelente calidad y resistencia. Juego ideal para desarrollar motricidad gruesa.<\/p>\n<p><p><strong>Material : <\/strong> Pl\u00e1stico<\/p>\n<p><strong>C\u00f3digo Aukinko : <\/strong> 10-110596<\/p>\n<p><strong>C\u00f3digo Convenio Marco : <\/strong> x<\/p>\n","protected":false},"excerpt":{"rendered":"<p>Aro pl\u00e1stico de 60 cm de di\u00e1metro. De excelente calidad y resistencia. Juego ideal para desarrollar motricidad gruesa. Material : Pl\u00e1stico C\u00f3digo Aukinko : 10-110596 C\u00f3digo Convenio Marco : x<\/p>\n","protected":false},"featured_media":626888,"comment_status":"open","ping_status":"closed","template":"","meta":{"_et_pb_use_builder":"","_et_pb_old_content":"","_et_gb_content_width":""},"product_brand":[],"product_cat":[1005,148,18],"product_tag":[],"class_list":{"0":"post-603183","1":"product","2":"type-product","3":"status-publish","4":"has-post-thumbnail","6":"product_cat-accesorios-patio","7":"product_cat-deportes","8":"product_cat-motricidad-gruesa","9":"pa_edad-10-anos","10":"pa_edad-4-a-5-anos","11":"pa_edad-5-a-6-anos","12":"pa_edad-6-a-8-anos","13":"pa_edad-8-a-10-anos","14":"pa_marca-mochtoys","15":"pa_medidas-60-x-60-x-1","16":"pa_medidas-8-cm","18":"first","19":"instock","20":"shipping-taxable","21":"purchasable","22":"product-type-simple"},"aioseo_notices":[],"_links":{"self":[{"href":"https:\/\/aukinkochile.com\/web\/wp-json\/wp\/v2\/product\/603183","targetHints":{"allow":["GET"]}}],"collection":[{"href":"https:\/\/aukinkochile.com\/web\/wp-json\/wp\/v2\/product"}],"about":[{"href":"https:\/\/aukinkochile.com\/web\/wp-json\/wp\/v2\/types\/product"}],"replies":[{"embeddable":true,"href":"https:\/\/aukinkochile.com\/web\/wp-json\/wp\/v2\/comments?post=603183"}],"wp:featuredmedia":[{"embeddable":true,"href":"https:\/\/aukinkochile.com\/web\/wp-json\/wp\/v2\/media\/626888"}],"wp:attachment":[{"href":"https:\/\/aukinkochile.com\/web\/wp-json\/wp\/v2\/media?parent=603183"}],"wp:term":[{"taxonomy":"product_brand","embeddable":true,"href":"https:\/\/aukinkochile.com\/web\/wp-json\/wp\/v2\/product_brand?post=603183"},{"taxonomy":"product_cat","embeddable":true,"href":"https:\/\/aukinkochile.com\/web\/wp-json\/wp\/v2\/product_cat?post=603183"},{"taxonomy":"product_tag","embeddable":true,"href":"https:\/\/aukinkochile.com\/web\/wp-json\/wp\/v2\/product_tag?post=603183"}],"curies":[{"name":"wp","href":"https:\/\/api.w.org\/{rel}","templated":true}]}}