{"id":603181,"date":"2022-11-14T13:41:28","date_gmt":"2022-11-14T13:41:28","guid":{"rendered":"https:\/\/aukinkochile.com\/web\/producto\/palitroques-mas-pelotas\/"},"modified":"2025-11-06T20:15:37","modified_gmt":"2025-11-06T20:15:37","slug":"palitroques-mas-pelotas","status":"publish","type":"product","link":"https:\/\/aukinkochile.com\/web\/producto\/palitroques-mas-pelotas\/","title":{"rendered":"Palitroques Mas Pelotas"},"content":{"rendered":"<p>Set de 6 palitroques mas dos pelotas pl\u00e1sticas. De pl\u00e1stico resistente y liviano.<\/p>\n<p><strong>Material : <\/strong> Pl\u00e1stico<\/p>\n<p><strong>C\u00f3digo Aukinko : <\/strong> 10-110335<\/p>\n<p><strong>C\u00f3digo Convenio Marco : <\/strong> x<\/p>\n","protected":false},"excerpt":{"rendered":"<p>Set de 6 palitroques mas dos pelotas pl\u00e1sticas. De pl\u00e1stico resistente y liviano. Material : Pl\u00e1stico C\u00f3digo Aukinko : 10-110335 C\u00f3digo Convenio Marco : x<\/p>\n","protected":false},"featured_media":633078,"comment_status":"open","ping_status":"closed","template":"","meta":{"_et_pb_use_builder":"","_et_pb_old_content":"","_et_gb_content_width":""},"product_brand":[],"product_cat":[7385,18],"product_tag":[],"class_list":{"0":"post-603181","1":"product","2":"type-product","3":"status-publish","4":"has-post-thumbnail","6":"product_cat-estimulacion-cognitiva-y-motora-para-adultos-mayores","7":"product_cat-motricidad-gruesa","8":"pa_edad-2-a-3-anos","9":"pa_edad-3-a-4-anos","10":"pa_edad-4-a-5-anos","11":"pa_marca-mochtoys","12":"pa_medidas-45-x-19","13":"pa_medidas-5-x-36-cm","15":"first","16":"instock","17":"shipping-taxable","18":"purchasable","19":"product-type-simple"},"aioseo_notices":[],"_links":{"self":[{"href":"https:\/\/aukinkochile.com\/web\/wp-json\/wp\/v2\/product\/603181","targetHints":{"allow":["GET"]}}],"collection":[{"href":"https:\/\/aukinkochile.com\/web\/wp-json\/wp\/v2\/product"}],"about":[{"href":"https:\/\/aukinkochile.com\/web\/wp-json\/wp\/v2\/types\/product"}],"replies":[{"embeddable":true,"href":"https:\/\/aukinkochile.com\/web\/wp-json\/wp\/v2\/comments?post=603181"}],"wp:featuredmedia":[{"embeddable":true,"href":"https:\/\/aukinkochile.com\/web\/wp-json\/wp\/v2\/media\/633078"}],"wp:attachment":[{"href":"https:\/\/aukinkochile.com\/web\/wp-json\/wp\/v2\/media?parent=603181"}],"wp:term":[{"taxonomy":"product_brand","embeddable":true,"href":"https:\/\/aukinkochile.com\/web\/wp-json\/wp\/v2\/product_brand?post=603181"},{"taxonomy":"product_cat","embeddable":true,"href":"https:\/\/aukinkochile.com\/web\/wp-json\/wp\/v2\/product_cat?post=603181"},{"taxonomy":"product_tag","embeddable":true,"href":"https:\/\/aukinkochile.com\/web\/wp-json\/wp\/v2\/product_tag?post=603181"}],"curies":[{"name":"wp","href":"https:\/\/api.w.org\/{rel}","templated":true}]}}