{"id":602164,"date":"2022-11-09T15:17:55","date_gmt":"2022-11-09T15:17:55","guid":{"rendered":"https:\/\/aukinkochile.com\/web\/producto\/stickers-medidor-torre-de-caballero\/"},"modified":"2025-08-05T22:12:38","modified_gmt":"2025-08-05T22:12:38","slug":"stickers-medidor-torre-de-caballero","status":"publish","type":"product","link":"https:\/\/aukinkochile.com\/web\/producto\/stickers-medidor-torre-de-caballero\/","title":{"rendered":"Stickers Medidor Torre de Caballero"},"content":{"rendered":"<p>Hermosa y divertida tabla de altura de la torre del caballero de Djeco. \u00bfQu\u00e9 tan alto eres hoy? esta divertida y adorable tabla de alturas es un accesorio hermoso y pr\u00e1ctico para la habitaci\u00f3n de los mas peque\u00f1os y peque\u00f1as. El paquete incluye 29 pegatinas individuales y el gr\u00e1fico mide hasta 160 cm.<\/p>\n<p><p><strong>Material : <\/strong> Papel<\/p>\n<p><strong>C\u00f3digo Aukinko : <\/strong> 14-54040<\/p>\n<p><strong>C\u00f3digo Convenio Marco : <\/strong> x<\/p>\n","protected":false},"excerpt":{"rendered":"<p>Hermosa y divertida tabla de altura de la torre del caballero de Djeco. \u00bfQu\u00e9 tan alto eres hoy? esta divertida y adorable tabla de alturas es un accesorio hermoso y pr\u00e1ctico para la habitaci\u00f3n de los mas peque\u00f1os y peque\u00f1as. El paquete incluye 29 pegatinas individuales y el gr\u00e1fico mide hasta 160 cm. Material : [&hellip;]<\/p>\n","protected":false},"featured_media":624442,"comment_status":"open","ping_status":"closed","template":"","meta":{"_et_pb_use_builder":"","_et_pb_old_content":"","_et_gb_content_width":""},"product_brand":[],"product_cat":[21],"product_tag":[],"class_list":{"0":"post-602164","1":"product","2":"type-product","3":"status-publish","4":"has-post-thumbnail","6":"product_cat-arte-y-manipulacion","7":"pa_edad-1-a-2-anos","8":"pa_edad-2-a-3-anos","9":"pa_edad-3-a-4-anos","10":"pa_edad-4-a-5-anos","11":"pa_edad-5-a-6-anos","12":"pa_edad-6-a-8-anos","13":"pa_edad-8-a-10-anos","14":"pa_marca-djeco","15":"pa_medidas-5-x-1-x-31-cm","16":"pa_medidas-6619","18":"first","19":"instock","20":"shipping-taxable","21":"purchasable","22":"product-type-simple"},"aioseo_notices":[],"_links":{"self":[{"href":"https:\/\/aukinkochile.com\/web\/wp-json\/wp\/v2\/product\/602164","targetHints":{"allow":["GET"]}}],"collection":[{"href":"https:\/\/aukinkochile.com\/web\/wp-json\/wp\/v2\/product"}],"about":[{"href":"https:\/\/aukinkochile.com\/web\/wp-json\/wp\/v2\/types\/product"}],"replies":[{"embeddable":true,"href":"https:\/\/aukinkochile.com\/web\/wp-json\/wp\/v2\/comments?post=602164"}],"wp:featuredmedia":[{"embeddable":true,"href":"https:\/\/aukinkochile.com\/web\/wp-json\/wp\/v2\/media\/624442"}],"wp:attachment":[{"href":"https:\/\/aukinkochile.com\/web\/wp-json\/wp\/v2\/media?parent=602164"}],"wp:term":[{"taxonomy":"product_brand","embeddable":true,"href":"https:\/\/aukinkochile.com\/web\/wp-json\/wp\/v2\/product_brand?post=602164"},{"taxonomy":"product_cat","embeddable":true,"href":"https:\/\/aukinkochile.com\/web\/wp-json\/wp\/v2\/product_cat?post=602164"},{"taxonomy":"product_tag","embeddable":true,"href":"https:\/\/aukinkochile.com\/web\/wp-json\/wp\/v2\/product_tag?post=602164"}],"curies":[{"name":"wp","href":"https:\/\/api.w.org\/{rel}","templated":true}]}}