{"id":600065,"date":"2022-10-14T15:50:04","date_gmt":"2022-10-14T15:50:04","guid":{"rendered":"https:\/\/aukinkochile.com\/web\/producto\/arte-tiza-jumbo-20-pz\/"},"modified":"2025-10-22T14:53:50","modified_gmt":"2025-10-22T14:53:50","slug":"arte-tiza-jumbo-20-pz","status":"publish","type":"product","link":"https:\/\/aukinkochile.com\/web\/producto\/arte-tiza-jumbo-20-pz\/","title":{"rendered":"Tiza Jumbo 20 pz"},"content":{"rendered":"<p>Este tonel de tiza contiene 20 tizas jumbo. Lavable, de larga duraci\u00f3n y no t\u00f3xico. Tizas de tama\u00f1o adecuado para manos peque\u00f1as. Cada tiza mide 10 cm.<\/p>\n<p><p><strong>Material : <\/strong> Pl\u00e1stico y Tiza<\/p>\n<p><strong>C\u00f3digo Aukinko : <\/strong> 11-22551<\/p>\n<p><strong>C\u00f3digo Convenio Marco : <\/strong> x<\/p>\n","protected":false},"excerpt":{"rendered":"<p>Este tonel de tiza contiene 20 tizas jumbo. Lavable, de larga duraci\u00f3n y no t\u00f3xico. Tizas de tama\u00f1o adecuado para manos peque\u00f1as. Cada tiza mide 10 cm. Material : Pl\u00e1stico y Tiza C\u00f3digo Aukinko : 11-22551 C\u00f3digo Convenio Marco : x<\/p>\n","protected":false},"featured_media":600064,"comment_status":"open","ping_status":"closed","template":"","meta":{"_et_pb_use_builder":"","_et_pb_old_content":"","_et_gb_content_width":""},"product_brand":[],"product_cat":[21],"product_tag":[],"class_list":{"0":"post-600065","1":"product","2":"type-product","3":"status-publish","4":"has-post-thumbnail","6":"product_cat-arte-y-manipulacion","7":"pa_edad-3-a-4-anos","8":"pa_edad-4-a-5-anos","9":"pa_edad-5-a-6-anos","10":"pa_edad-6-a-8-anos","11":"pa_marca-toysmith","12":"pa_medidas-4356","13":"pa_medidas-4-cm","14":"pa_medidas-9-x-11","15":"pa_medidas-9-x-13","17":"first","18":"instock","19":"shipping-taxable","20":"purchasable","21":"product-type-simple"},"aioseo_notices":[],"_links":{"self":[{"href":"https:\/\/aukinkochile.com\/web\/wp-json\/wp\/v2\/product\/600065","targetHints":{"allow":["GET"]}}],"collection":[{"href":"https:\/\/aukinkochile.com\/web\/wp-json\/wp\/v2\/product"}],"about":[{"href":"https:\/\/aukinkochile.com\/web\/wp-json\/wp\/v2\/types\/product"}],"replies":[{"embeddable":true,"href":"https:\/\/aukinkochile.com\/web\/wp-json\/wp\/v2\/comments?post=600065"}],"wp:featuredmedia":[{"embeddable":true,"href":"https:\/\/aukinkochile.com\/web\/wp-json\/wp\/v2\/media\/600064"}],"wp:attachment":[{"href":"https:\/\/aukinkochile.com\/web\/wp-json\/wp\/v2\/media?parent=600065"}],"wp:term":[{"taxonomy":"product_brand","embeddable":true,"href":"https:\/\/aukinkochile.com\/web\/wp-json\/wp\/v2\/product_brand?post=600065"},{"taxonomy":"product_cat","embeddable":true,"href":"https:\/\/aukinkochile.com\/web\/wp-json\/wp\/v2\/product_cat?post=600065"},{"taxonomy":"product_tag","embeddable":true,"href":"https:\/\/aukinkochile.com\/web\/wp-json\/wp\/v2\/product_tag?post=600065"}],"curies":[{"name":"wp","href":"https:\/\/api.w.org\/{rel}","templated":true}]}}