{"id":600060,"date":"2022-10-14T15:41:36","date_gmt":"2022-10-14T15:41:36","guid":{"rendered":"https:\/\/aukinkochile.com\/web\/producto\/enlazar-bloques-granja-12-pz\/"},"modified":"2025-11-06T20:11:48","modified_gmt":"2025-11-06T20:11:48","slug":"enlazar-bloques-granja-12-pz","status":"publish","type":"product","link":"https:\/\/aukinkochile.com\/web\/producto\/enlazar-bloques-granja-12-pz\/","title":{"rendered":"Enlazar Bloques Madera Granja 12 pz"},"content":{"rendered":"<p>Divertido juego de enlazar con piezas de la granja para pasar horas de diversi\u00f3n. Incluye 12 bloques de madera para enlazar con variados personajes de la granja: vaca, burro, gallina, granjero, tractor y mucho m\u00e1s. Los lazos en el borde tienen una barra de madera fina para dar mas facilidad para que los ni\u00f1os y. ni\u00f1as jueguen. Un juego ideal para desarrollar las habilidades motoras fina y dejar volar la imaginaci\u00f3n creando historias con estos divertidos personajes. De excelente calidad y dise\u00f1o. Fabricado en material suave y resistente.<\/p>\n<p><p><strong>Material : <\/strong> Madera<\/p>\n<p><strong>C\u00f3digo Aukinko : <\/strong> 18-259548<\/p>\n<p><strong>C\u00f3digo Convenio Marco : <\/strong> x<\/p>\n","protected":false},"excerpt":{"rendered":"<p>Divertido juego de enlazar con piezas de la granja para pasar horas de diversi\u00f3n. Incluye 12 bloques de madera para enlazar con variados personajes de la granja: vaca, burro, gallina, granjero, tractor y mucho m\u00e1s. Los lazos en el borde tienen una barra de madera fina para dar mas facilidad para que los ni\u00f1os y. [&hellip;]<\/p>\n","protected":false},"featured_media":625154,"comment_status":"open","ping_status":"closed","template":"","meta":{"_et_pb_use_builder":"","_et_pb_old_content":"","_et_gb_content_width":""},"product_brand":[],"product_cat":[91,21,19,20],"product_tag":[],"class_list":{"0":"post-600060","1":"product","2":"type-product","3":"status-publish","4":"has-post-thumbnail","6":"product_cat-accesorios-sala","7":"product_cat-arte-y-manipulacion","8":"product_cat-construccion","9":"product_cat-motricidad-fina","10":"pa_edad-3-a-4-anos","11":"pa_edad-4-a-5-anos","12":"pa_marca-viga","13":"pa_medidas-19-x-4","14":"pa_medidas-3-x-20","15":"pa_medidas-5-cm","17":"first","18":"instock","19":"shipping-taxable","20":"purchasable","21":"product-type-simple"},"aioseo_notices":[],"_links":{"self":[{"href":"https:\/\/aukinkochile.com\/web\/wp-json\/wp\/v2\/product\/600060","targetHints":{"allow":["GET"]}}],"collection":[{"href":"https:\/\/aukinkochile.com\/web\/wp-json\/wp\/v2\/product"}],"about":[{"href":"https:\/\/aukinkochile.com\/web\/wp-json\/wp\/v2\/types\/product"}],"replies":[{"embeddable":true,"href":"https:\/\/aukinkochile.com\/web\/wp-json\/wp\/v2\/comments?post=600060"}],"wp:featuredmedia":[{"embeddable":true,"href":"https:\/\/aukinkochile.com\/web\/wp-json\/wp\/v2\/media\/625154"}],"wp:attachment":[{"href":"https:\/\/aukinkochile.com\/web\/wp-json\/wp\/v2\/media?parent=600060"}],"wp:term":[{"taxonomy":"product_brand","embeddable":true,"href":"https:\/\/aukinkochile.com\/web\/wp-json\/wp\/v2\/product_brand?post=600060"},{"taxonomy":"product_cat","embeddable":true,"href":"https:\/\/aukinkochile.com\/web\/wp-json\/wp\/v2\/product_cat?post=600060"},{"taxonomy":"product_tag","embeddable":true,"href":"https:\/\/aukinkochile.com\/web\/wp-json\/wp\/v2\/product_tag?post=600060"}],"curies":[{"name":"wp","href":"https:\/\/api.w.org\/{rel}","templated":true}]}}