{"id":600059,"date":"2022-10-14T15:41:34","date_gmt":"2022-10-14T15:41:34","guid":{"rendered":"https:\/\/aukinkochile.com\/web\/producto\/comida-pizza-madera\/"},"modified":"2025-11-06T20:10:32","modified_gmt":"2025-11-06T20:10:32","slug":"comida-pizza-madera","status":"publish","type":"product","link":"https:\/\/aukinkochile.com\/web\/producto\/comida-pizza-madera\/","title":{"rendered":"Comida Madera Piza"},"content":{"rendered":"<p>Divertido juego educativo para pasar horas de diversi\u00f3n mientras los ni\u00f1os y ni\u00f1as aprenden el concepto de fracciones de las matem\u00e1ticas. Una pizza de madera de 20 cm di\u00e1metro pintada a mano con 3 diferentes ingredientes, dividida en 6 rodajas de tomate, 6 cortes de champi\u00f1\u00f3n y 6 cortes de pepinillo, tienen velcro para fijar a la pizza. Viene trozada en 6 cortes (cada corte se une con velcro) con bandeja (23 cm di\u00e1metro) y esp\u00e1tula cortadora (19 cm). Fabricado en material suave y resistente.<\/p>\n<p><p><strong>Material : <\/strong> Madera<\/p>\n<p><strong>C\u00f3digo Aukinko : <\/strong> 18-258500<\/p>\n<p><strong>C\u00f3digo Convenio Marco : <\/strong> x<\/p>\n","protected":false},"excerpt":{"rendered":"<p>Divertido juego educativo para pasar horas de diversi\u00f3n mientras los ni\u00f1os y ni\u00f1as aprenden el concepto de fracciones de las matem\u00e1ticas. Una pizza de madera de 20 cm di\u00e1metro pintada a mano con 3 diferentes ingredientes, dividida en 6 rodajas de tomate, 6 cortes de champi\u00f1\u00f3n y 6 cortes de pepinillo, tienen velcro para fijar [&hellip;]<\/p>\n","protected":false},"featured_media":625127,"comment_status":"open","ping_status":"closed","template":"","meta":{"_et_pb_use_builder":"","_et_pb_old_content":"","_et_gb_content_width":""},"product_brand":[],"product_cat":[91,17,90],"product_tag":[],"class_list":{"0":"post-600059","1":"product","2":"type-product","3":"status-publish","4":"has-post-thumbnail","6":"product_cat-accesorios-sala","7":"product_cat-juegos-de-rol","8":"product_cat-matematicas","9":"pa_edad-2-a-3-anos","10":"pa_edad-3-a-4-anos","11":"pa_edad-4-a-5-anos","12":"pa_edad-5-a-6-anos","13":"pa_edad-6-a-8-anos","14":"pa_marca-viga","15":"pa_medidas-4563","16":"pa_medidas-5-cm","17":"pa_medidas-5-x-28","18":"pa_medidas-5-x-5","20":"first","21":"instock","22":"shipping-taxable","23":"purchasable","24":"product-type-simple"},"aioseo_notices":[],"_links":{"self":[{"href":"https:\/\/aukinkochile.com\/web\/wp-json\/wp\/v2\/product\/600059","targetHints":{"allow":["GET"]}}],"collection":[{"href":"https:\/\/aukinkochile.com\/web\/wp-json\/wp\/v2\/product"}],"about":[{"href":"https:\/\/aukinkochile.com\/web\/wp-json\/wp\/v2\/types\/product"}],"replies":[{"embeddable":true,"href":"https:\/\/aukinkochile.com\/web\/wp-json\/wp\/v2\/comments?post=600059"}],"wp:featuredmedia":[{"embeddable":true,"href":"https:\/\/aukinkochile.com\/web\/wp-json\/wp\/v2\/media\/625127"}],"wp:attachment":[{"href":"https:\/\/aukinkochile.com\/web\/wp-json\/wp\/v2\/media?parent=600059"}],"wp:term":[{"taxonomy":"product_brand","embeddable":true,"href":"https:\/\/aukinkochile.com\/web\/wp-json\/wp\/v2\/product_brand?post=600059"},{"taxonomy":"product_cat","embeddable":true,"href":"https:\/\/aukinkochile.com\/web\/wp-json\/wp\/v2\/product_cat?post=600059"},{"taxonomy":"product_tag","embeddable":true,"href":"https:\/\/aukinkochile.com\/web\/wp-json\/wp\/v2\/product_tag?post=600059"}],"curies":[{"name":"wp","href":"https:\/\/api.w.org\/{rel}","templated":true}]}}