{"id":600056,"date":"2022-10-14T15:41:31","date_gmt":"2022-10-14T15:41:31","guid":{"rendered":"https:\/\/aukinkochile.com\/web\/producto\/kaleidoscopio-madera\/"},"modified":"2025-11-06T20:08:48","modified_gmt":"2025-11-06T20:08:48","slug":"kaleidoscopio-madera","status":"publish","type":"product","link":"https:\/\/aukinkochile.com\/web\/producto\/kaleidoscopio-madera\/","title":{"rendered":"Caleidoscopio Madera"},"content":{"rendered":"<p>Precioso caleidoscopio de madera para pasar horas mirando y jugar a ver c\u00f3mo se ven geom\u00e9tricamente las im\u00e1genes multiplicadas. Fabricado en material suave y resistente.<\/p>\n<p><p><strong>Material : <\/strong> Madera y Pl\u00e1stico<\/p>\n<p><strong>C\u00f3digo Aukinko : <\/strong> 18-255048<\/p>\n<p><strong>C\u00f3digo Convenio Marco : <\/strong> x<\/p>\n","protected":false},"excerpt":{"rendered":"<p>Precioso caleidoscopio de madera para pasar horas mirando y jugar a ver c\u00f3mo se ven geom\u00e9tricamente las im\u00e1genes multiplicadas. Fabricado en material suave y resistente. Material : Madera y Pl\u00e1stico C\u00f3digo Aukinko : 18-255048 C\u00f3digo Convenio Marco : x<\/p>\n","protected":false},"featured_media":625097,"comment_status":"open","ping_status":"closed","template":"","meta":{"_et_pb_use_builder":"","_et_pb_old_content":"","_et_gb_content_width":""},"product_brand":[],"product_cat":[92],"product_tag":[],"class_list":{"0":"post-600056","1":"product","2":"type-product","3":"status-publish","4":"has-post-thumbnail","6":"product_cat-ciencias","7":"pa_edad-3-a-4-anos","8":"pa_edad-4-a-5-anos","9":"pa_edad-5-a-6-anos","10":"pa_edad-6-a-8-anos","11":"pa_marca-viga","12":"pa_medidas-10-cm-aprox","14":"first","15":"instock","16":"shipping-taxable","17":"purchasable","18":"product-type-simple"},"aioseo_notices":[],"_links":{"self":[{"href":"https:\/\/aukinkochile.com\/web\/wp-json\/wp\/v2\/product\/600056","targetHints":{"allow":["GET"]}}],"collection":[{"href":"https:\/\/aukinkochile.com\/web\/wp-json\/wp\/v2\/product"}],"about":[{"href":"https:\/\/aukinkochile.com\/web\/wp-json\/wp\/v2\/types\/product"}],"replies":[{"embeddable":true,"href":"https:\/\/aukinkochile.com\/web\/wp-json\/wp\/v2\/comments?post=600056"}],"wp:featuredmedia":[{"embeddable":true,"href":"https:\/\/aukinkochile.com\/web\/wp-json\/wp\/v2\/media\/625097"}],"wp:attachment":[{"href":"https:\/\/aukinkochile.com\/web\/wp-json\/wp\/v2\/media?parent=600056"}],"wp:term":[{"taxonomy":"product_brand","embeddable":true,"href":"https:\/\/aukinkochile.com\/web\/wp-json\/wp\/v2\/product_brand?post=600056"},{"taxonomy":"product_cat","embeddable":true,"href":"https:\/\/aukinkochile.com\/web\/wp-json\/wp\/v2\/product_cat?post=600056"},{"taxonomy":"product_tag","embeddable":true,"href":"https:\/\/aukinkochile.com\/web\/wp-json\/wp\/v2\/product_tag?post=600056"}],"curies":[{"name":"wp","href":"https:\/\/api.w.org\/{rel}","templated":true}]}}