{"id":600039,"date":"2022-10-14T15:41:18","date_gmt":"2022-10-14T15:41:18","guid":{"rendered":"https:\/\/aukinkochile.com\/web\/producto\/puzle-madera-encaje-numeros-y-formas-20-pz\/"},"modified":"2025-11-06T20:07:11","modified_gmt":"2025-11-06T20:07:11","slug":"puzle-madera-encaje-numeros-y-formas-20-pz","status":"publish","type":"product","link":"https:\/\/aukinkochile.com\/web\/producto\/puzle-madera-encaje-numeros-y-formas-20-pz\/","title":{"rendered":"Puzle Madera Encaje N\u00fameros y Formas 20 pz"},"content":{"rendered":"<p>Con este divertido juego los ni\u00f1os y ni\u00f1as pueden aprender los n\u00fameros, colores, formas geom\u00e9tricas y m\u00e1s. Debajo de cada pieza del puzle podr\u00e1n descubrir hermosas ilustraciones que les ayudar\u00e1n a volver a colocar las piezas en su lugar. De material suave y resistente, pintado con colores vivos.<\/p>\n<p><p><strong>Material : <\/strong> Madera<\/p>\n<p><strong>C\u00f3digo Aukinko : <\/strong> 18-250119<\/p>\n<p><strong>C\u00f3digo Convenio Marco : <\/strong> x<\/p>\n","protected":false},"excerpt":{"rendered":"<p>Con este divertido juego los ni\u00f1os y ni\u00f1as pueden aprender los n\u00fameros, colores, formas geom\u00e9tricas y m\u00e1s. Debajo de cada pieza del puzle podr\u00e1n descubrir hermosas ilustraciones que les ayudar\u00e1n a volver a colocar las piezas en su lugar. De material suave y resistente, pintado con colores vivos. Material : Madera C\u00f3digo Aukinko : 18-250119 [&hellip;]<\/p>\n","protected":false},"featured_media":624928,"comment_status":"open","ping_status":"closed","template":"","meta":{"_et_pb_use_builder":"","_et_pb_old_content":"","_et_gb_content_width":""},"product_brand":[],"product_cat":[91,90,20,22],"product_tag":[],"class_list":{"0":"post-600039","1":"product","2":"type-product","3":"status-publish","4":"has-post-thumbnail","6":"product_cat-accesorios-sala","7":"product_cat-matematicas","8":"product_cat-motricidad-fina","9":"product_cat-puzzles","10":"pa_edad-2-a-3-anos","11":"pa_edad-3-a-4-anos","12":"pa_edad-4-a-5-anos","13":"pa_marca-viga","14":"pa_medidas-31-x-3-x-31-cm","16":"first","17":"instock","18":"shipping-taxable","19":"purchasable","20":"product-type-simple"},"aioseo_notices":[],"_links":{"self":[{"href":"https:\/\/aukinkochile.com\/web\/wp-json\/wp\/v2\/product\/600039","targetHints":{"allow":["GET"]}}],"collection":[{"href":"https:\/\/aukinkochile.com\/web\/wp-json\/wp\/v2\/product"}],"about":[{"href":"https:\/\/aukinkochile.com\/web\/wp-json\/wp\/v2\/types\/product"}],"replies":[{"embeddable":true,"href":"https:\/\/aukinkochile.com\/web\/wp-json\/wp\/v2\/comments?post=600039"}],"wp:featuredmedia":[{"embeddable":true,"href":"https:\/\/aukinkochile.com\/web\/wp-json\/wp\/v2\/media\/624928"}],"wp:attachment":[{"href":"https:\/\/aukinkochile.com\/web\/wp-json\/wp\/v2\/media?parent=600039"}],"wp:term":[{"taxonomy":"product_brand","embeddable":true,"href":"https:\/\/aukinkochile.com\/web\/wp-json\/wp\/v2\/product_brand?post=600039"},{"taxonomy":"product_cat","embeddable":true,"href":"https:\/\/aukinkochile.com\/web\/wp-json\/wp\/v2\/product_cat?post=600039"},{"taxonomy":"product_tag","embeddable":true,"href":"https:\/\/aukinkochile.com\/web\/wp-json\/wp\/v2\/product_tag?post=600039"}],"curies":[{"name":"wp","href":"https:\/\/api.w.org\/{rel}","templated":true}]}}