{"id":600025,"date":"2022-10-14T15:41:05","date_gmt":"2022-10-14T15:41:05","guid":{"rendered":"https:\/\/aukinkochile.com\/web\/producto\/figura-magica-bayala-nuray-con-cuervo\/"},"modified":"2025-06-25T18:05:52","modified_gmt":"2025-06-25T18:05:52","slug":"figura-magica-bayala-nuray-con-cuervo","status":"publish","type":"product","link":"https:\/\/aukinkochile.com\/web\/producto\/figura-magica-bayala-nuray-con-cuervo\/","title":{"rendered":"Figura M\u00e1gica Hada Nuray &#038; Cuervo"},"content":{"rendered":"<p>La m\u00e1gica y misteriosa hada de la sombra Nuray es una princesa de los hadas de la sombra y una de las protagonistas de la pel\u00edcula Bayala. Vive en el m\u00edstico mundo de los hadas de la sombra y adora a Munyn, al misterioso cuervo de su t\u00eda. Aunque pertenece a la familia de los hadas de la sombra, tiene v\u00ednculos con las hadas del sol. Despu\u00e9s de todo, su mejor amiga y hermanastra Surah es una hada del sol. Y aunque a primera vista puede parecer m\u00e1s introvertida y reservada que las otras hadas, en realidad es muy buena. Juguete dise\u00f1ado con gran detalle en pl\u00e1stico resistente.<\/p>\n<p><p><strong>Material : <\/strong> Pl\u00e1stico Duro<\/p>\n<p><strong>C\u00f3digo Aukinko : <\/strong> 07-670586<\/p>\n<p><strong>C\u00f3digo Convenio Marco : <\/strong> x<\/p>\n","protected":false},"excerpt":{"rendered":"<p>La m\u00e1gica y misteriosa hada de la sombra Nuray es una princesa de los hadas de la sombra y una de las protagonistas de la pel\u00edcula Bayala. Vive en el m\u00edstico mundo de los hadas de la sombra y adora a Munyn, al misterioso cuervo de su t\u00eda. Aunque pertenece a la familia de los [&hellip;]<\/p>\n","protected":false},"featured_media":626788,"comment_status":"open","ping_status":"closed","template":"","meta":{"_et_pb_use_builder":"","_et_pb_old_content":"","_et_gb_content_width":""},"product_brand":[],"product_cat":[212],"product_tag":[],"class_list":{"0":"post-600025","1":"product","2":"type-product","3":"status-publish","4":"has-post-thumbnail","6":"product_cat-munecos-y-figuras","7":"pa_edad-10-anos","8":"pa_edad-3-a-4-anos","9":"pa_edad-4-a-5-anos","10":"pa_edad-5-a-6-anos","11":"pa_edad-6-a-8-anos","12":"pa_edad-8-a-10-anos","13":"pa_marca-schleich","14":"pa_medidas-1-x-6","15":"pa_medidas-6-x-18-cm","16":"pa_medidas-4795","18":"first","19":"instock","20":"shipping-taxable","21":"purchasable","22":"product-type-simple"},"aioseo_notices":[],"_links":{"self":[{"href":"https:\/\/aukinkochile.com\/web\/wp-json\/wp\/v2\/product\/600025","targetHints":{"allow":["GET"]}}],"collection":[{"href":"https:\/\/aukinkochile.com\/web\/wp-json\/wp\/v2\/product"}],"about":[{"href":"https:\/\/aukinkochile.com\/web\/wp-json\/wp\/v2\/types\/product"}],"replies":[{"embeddable":true,"href":"https:\/\/aukinkochile.com\/web\/wp-json\/wp\/v2\/comments?post=600025"}],"wp:featuredmedia":[{"embeddable":true,"href":"https:\/\/aukinkochile.com\/web\/wp-json\/wp\/v2\/media\/626788"}],"wp:attachment":[{"href":"https:\/\/aukinkochile.com\/web\/wp-json\/wp\/v2\/media?parent=600025"}],"wp:term":[{"taxonomy":"product_brand","embeddable":true,"href":"https:\/\/aukinkochile.com\/web\/wp-json\/wp\/v2\/product_brand?post=600025"},{"taxonomy":"product_cat","embeddable":true,"href":"https:\/\/aukinkochile.com\/web\/wp-json\/wp\/v2\/product_cat?post=600025"},{"taxonomy":"product_tag","embeddable":true,"href":"https:\/\/aukinkochile.com\/web\/wp-json\/wp\/v2\/product_tag?post=600025"}],"curies":[{"name":"wp","href":"https:\/\/api.w.org\/{rel}","templated":true}]}}