{"id":600023,"date":"2022-10-14T15:41:04","date_gmt":"2022-10-14T15:41:04","guid":{"rendered":"https:\/\/aukinkochile.com\/web\/producto\/figura-magica-bayala-sera-y-jaro\/"},"modified":"2025-06-25T18:05:47","modified_gmt":"2025-06-25T18:05:47","slug":"figura-magica-bayala-sera-y-jaro","status":"publish","type":"product","link":"https:\/\/aukinkochile.com\/web\/producto\/figura-magica-bayala-sera-y-jaro\/","title":{"rendered":"Figura M\u00e1gica Hada Sera &#038; Jaro"},"content":{"rendered":"<p>La hada del sol, princesa Sera, y el hada de la sombra, Jaro, son dos protagonistas de la pel\u00edcula de Bayala. Sera y su hermana Surah son las gemelas de la familia real del reino hada de Bayala. Sera es rom\u00e1ntica, sensata, compasiva, muy segura de si misma y un poco so\u00f1adora. Le encanta su hogar, la naturaleza, los animales y el bosque. Es una curandera, conoce todo sobre las propiedades curativas de las plantas y las hierbas. Jaro pertenece a la familia de los hadas de la sombra y es un hada simp\u00e1tico, valiente y servicial. Aunque Sera y Jaro provienen de mundos distintos, tienen un v\u00ednculo especial y se ayudan mutuamente. Juguete dise\u00f1ado con gran detalle en pl\u00e1stico resistente.<\/p>\n<p><p><strong>Material : <\/strong> Pl\u00e1stico Duro<\/p>\n<p><strong>C\u00f3digo Aukinko : <\/strong> 07-670583<\/p>\n<p><strong>C\u00f3digo Convenio Marco : <\/strong> x<\/p>\n","protected":false},"excerpt":{"rendered":"<p>La hada del sol, princesa Sera, y el hada de la sombra, Jaro, son dos protagonistas de la pel\u00edcula de Bayala. Sera y su hermana Surah son las gemelas de la familia real del reino hada de Bayala. Sera es rom\u00e1ntica, sensata, compasiva, muy segura de si misma y un poco so\u00f1adora. Le encanta su [&hellip;]<\/p>\n","protected":false},"featured_media":626786,"comment_status":"open","ping_status":"closed","template":"","meta":{"_et_pb_use_builder":"","_et_pb_old_content":"","_et_gb_content_width":""},"product_brand":[],"product_cat":[212],"product_tag":[],"class_list":{"0":"post-600023","1":"product","2":"type-product","3":"status-publish","4":"has-post-thumbnail","6":"product_cat-munecos-y-figuras","7":"pa_edad-10-anos","8":"pa_edad-3-a-4-anos","9":"pa_edad-4-a-5-anos","10":"pa_edad-5-a-6-anos","11":"pa_edad-6-a-8-anos","12":"pa_edad-8-a-10-anos","13":"pa_marca-schleich","14":"pa_medidas-4501","15":"pa_medidas-2-x-18-cm","16":"pa_medidas-5-x-8","18":"first","19":"instock","20":"shipping-taxable","21":"purchasable","22":"product-type-simple"},"aioseo_notices":[],"_links":{"self":[{"href":"https:\/\/aukinkochile.com\/web\/wp-json\/wp\/v2\/product\/600023","targetHints":{"allow":["GET"]}}],"collection":[{"href":"https:\/\/aukinkochile.com\/web\/wp-json\/wp\/v2\/product"}],"about":[{"href":"https:\/\/aukinkochile.com\/web\/wp-json\/wp\/v2\/types\/product"}],"replies":[{"embeddable":true,"href":"https:\/\/aukinkochile.com\/web\/wp-json\/wp\/v2\/comments?post=600023"}],"wp:featuredmedia":[{"embeddable":true,"href":"https:\/\/aukinkochile.com\/web\/wp-json\/wp\/v2\/media\/626786"}],"wp:attachment":[{"href":"https:\/\/aukinkochile.com\/web\/wp-json\/wp\/v2\/media?parent=600023"}],"wp:term":[{"taxonomy":"product_brand","embeddable":true,"href":"https:\/\/aukinkochile.com\/web\/wp-json\/wp\/v2\/product_brand?post=600023"},{"taxonomy":"product_cat","embeddable":true,"href":"https:\/\/aukinkochile.com\/web\/wp-json\/wp\/v2\/product_cat?post=600023"},{"taxonomy":"product_tag","embeddable":true,"href":"https:\/\/aukinkochile.com\/web\/wp-json\/wp\/v2\/product_tag?post=600023"}],"curies":[{"name":"wp","href":"https:\/\/api.w.org\/{rel}","templated":true}]}}