{"id":599978,"date":"2022-10-14T15:40:33","date_gmt":"2022-10-14T15:40:33","guid":{"rendered":"https:\/\/aukinkochile.com\/web\/producto\/dinosaurio-brontosaurio\/"},"modified":"2025-06-25T18:05:12","modified_gmt":"2025-06-25T18:05:12","slug":"dinosaurio-brontosaurio","status":"publish","type":"product","link":"https:\/\/aukinkochile.com\/web\/producto\/dinosaurio-brontosaurio\/","title":{"rendered":"Dinosaurio Brontosaurio"},"content":{"rendered":"<p>El Brontosaurio de Schleich\u00ae dinosaurs tiene una larga cola, un cuerpo voluminoso y un cuello delgado. Pudo pesar unas 15 toneladas y tener 22 m de largo. hasta ahora, solo se ha encontrado un esqueleto del animal, pero no el cr\u00e1neo, pero se supone que su cabeza era peque\u00f1a, como la del apatosaurio. Brontosaurio significa \u00ablagarto trueno\u00bb. Antes, los cient\u00edficos cre\u00edan que el dinosaurio mov\u00eda la cola a modo de l\u00e1tigo. Animal dise\u00f1ado con gran detalle en pl\u00e1stico resistente.<\/p>\n<p><p><strong>Material : <\/strong> Pl\u00e1stico Duro<\/p>\n<p><strong>C\u00f3digo Aukinko : <\/strong> 07-615027<\/p>\n<p><strong>C\u00f3digo Convenio Marco : <\/strong> x<\/p>\n","protected":false},"excerpt":{"rendered":"<p>El Brontosaurio de Schleich\u00ae dinosaurs tiene una larga cola, un cuerpo voluminoso y un cuello delgado. Pudo pesar unas 15 toneladas y tener 22 m de largo. hasta ahora, solo se ha encontrado un esqueleto del animal, pero no el cr\u00e1neo, pero se supone que su cabeza era peque\u00f1a, como la del apatosaurio. Brontosaurio significa [&hellip;]<\/p>\n","protected":false},"featured_media":626766,"comment_status":"open","ping_status":"closed","template":"","meta":{"_et_pb_use_builder":"","_et_pb_old_content":"","_et_gb_content_width":""},"product_brand":[],"product_cat":[212],"product_tag":[],"class_list":{"0":"post-599978","1":"product","2":"type-product","3":"status-publish","4":"has-post-thumbnail","6":"product_cat-munecos-y-figuras","7":"pa_edad-10-anos","8":"pa_edad-3-a-4-anos","9":"pa_edad-4-a-5-anos","10":"pa_edad-5-a-6-anos","11":"pa_edad-6-a-8-anos","12":"pa_edad-8-a-10-anos","13":"pa_marca-schleich","14":"pa_medidas-4649","15":"pa_medidas-5-x-10","16":"pa_medidas-7-x-5","17":"pa_medidas-8-cm","19":"first","20":"instock","21":"shipping-taxable","22":"purchasable","23":"product-type-simple"},"aioseo_notices":[],"_links":{"self":[{"href":"https:\/\/aukinkochile.com\/web\/wp-json\/wp\/v2\/product\/599978","targetHints":{"allow":["GET"]}}],"collection":[{"href":"https:\/\/aukinkochile.com\/web\/wp-json\/wp\/v2\/product"}],"about":[{"href":"https:\/\/aukinkochile.com\/web\/wp-json\/wp\/v2\/types\/product"}],"replies":[{"embeddable":true,"href":"https:\/\/aukinkochile.com\/web\/wp-json\/wp\/v2\/comments?post=599978"}],"wp:featuredmedia":[{"embeddable":true,"href":"https:\/\/aukinkochile.com\/web\/wp-json\/wp\/v2\/media\/626766"}],"wp:attachment":[{"href":"https:\/\/aukinkochile.com\/web\/wp-json\/wp\/v2\/media?parent=599978"}],"wp:term":[{"taxonomy":"product_brand","embeddable":true,"href":"https:\/\/aukinkochile.com\/web\/wp-json\/wp\/v2\/product_brand?post=599978"},{"taxonomy":"product_cat","embeddable":true,"href":"https:\/\/aukinkochile.com\/web\/wp-json\/wp\/v2\/product_cat?post=599978"},{"taxonomy":"product_tag","embeddable":true,"href":"https:\/\/aukinkochile.com\/web\/wp-json\/wp\/v2\/product_tag?post=599978"}],"curies":[{"name":"wp","href":"https:\/\/api.w.org\/{rel}","templated":true}]}}