{"id":599662,"date":"2022-10-14T15:37:21","date_gmt":"2022-10-14T15:37:21","guid":{"rendered":"https:\/\/aukinkochile.com\/web\/producto\/masa-cambia-de-color-c-u\/"},"modified":"2025-10-22T14:54:05","modified_gmt":"2025-10-22T14:54:05","slug":"masa-cambia-de-color-c-u","status":"publish","type":"product","link":"https:\/\/aukinkochile.com\/web\/producto\/masa-cambia-de-color-c-u\/","title":{"rendered":"Masa Cambia de Color c\/u"},"content":{"rendered":"<p>Masa suave como la mantequilla, muy el\u00e1stica y sensible a la temperatura, por lo que al amasarla cambia de color. Colores surtidos. Precio por unidad.<\/p>\n<p><p><strong>Material : <\/strong> Masa y Pl\u00e1stico<\/p>\n<p><strong>C\u00f3digo Aukinko : <\/strong> 11-26844<\/p>\n<p><strong>C\u00f3digo Convenio Marco : <\/strong> x<\/p>\n","protected":false},"excerpt":{"rendered":"<p>Masa suave como la mantequilla, muy el\u00e1stica y sensible a la temperatura, por lo que al amasarla cambia de color. Colores surtidos. Precio por unidad. Material : Masa y Pl\u00e1stico C\u00f3digo Aukinko : 11-26844 C\u00f3digo Convenio Marco : x<\/p>\n","protected":false},"featured_media":599661,"comment_status":"open","ping_status":"closed","template":"","meta":{"_et_pb_use_builder":"","_et_pb_old_content":"","_et_gb_content_width":""},"product_brand":[],"product_cat":[21],"product_tag":[],"class_list":{"0":"post-599662","1":"product","2":"type-product","3":"status-publish","4":"has-post-thumbnail","6":"product_cat-arte-y-manipulacion","7":"pa_edad-5-a-6-anos","8":"pa_edad-6-a-8-anos","9":"pa_edad-8-a-10-anos","10":"pa_marca-toysmith","11":"pa_medidas-5-x-8-x-8-cm","13":"first","14":"instock","15":"shipping-taxable","16":"purchasable","17":"product-type-simple"},"aioseo_notices":[],"_links":{"self":[{"href":"https:\/\/aukinkochile.com\/web\/wp-json\/wp\/v2\/product\/599662","targetHints":{"allow":["GET"]}}],"collection":[{"href":"https:\/\/aukinkochile.com\/web\/wp-json\/wp\/v2\/product"}],"about":[{"href":"https:\/\/aukinkochile.com\/web\/wp-json\/wp\/v2\/types\/product"}],"replies":[{"embeddable":true,"href":"https:\/\/aukinkochile.com\/web\/wp-json\/wp\/v2\/comments?post=599662"}],"wp:featuredmedia":[{"embeddable":true,"href":"https:\/\/aukinkochile.com\/web\/wp-json\/wp\/v2\/media\/599661"}],"wp:attachment":[{"href":"https:\/\/aukinkochile.com\/web\/wp-json\/wp\/v2\/media?parent=599662"}],"wp:term":[{"taxonomy":"product_brand","embeddable":true,"href":"https:\/\/aukinkochile.com\/web\/wp-json\/wp\/v2\/product_brand?post=599662"},{"taxonomy":"product_cat","embeddable":true,"href":"https:\/\/aukinkochile.com\/web\/wp-json\/wp\/v2\/product_cat?post=599662"},{"taxonomy":"product_tag","embeddable":true,"href":"https:\/\/aukinkochile.com\/web\/wp-json\/wp\/v2\/product_tag?post=599662"}],"curies":[{"name":"wp","href":"https:\/\/api.w.org\/{rel}","templated":true}]}}