{"id":599616,"date":"2022-10-14T15:37:01","date_gmt":"2022-10-14T15:37:01","guid":{"rendered":"https:\/\/aukinkochile.com\/web\/producto\/cartas-de-juego-c-u\/"},"modified":"2025-10-22T14:53:53","modified_gmt":"2025-10-22T14:53:53","slug":"cartas-de-juego-c-u","status":"publish","type":"product","link":"https:\/\/aukinkochile.com\/web\/producto\/cartas-de-juego-c-u\/","title":{"rendered":"Cartas de Juego c\/u"},"content":{"rendered":"<p>54 cartas de juego de naipe. De gran calidad. Color de reverso surtido rojo y negro. Precio por unidad.<\/p>\n<p><p><strong>Material : <\/strong> Cart\u00f3n Plastificado<\/p>\n<p><strong>C\u00f3digo Aukinko : <\/strong> 11-24817<\/p>\n<p><strong>C\u00f3digo Convenio Marco : <\/strong> x<\/p>\n","protected":false},"excerpt":{"rendered":"<p>54 cartas de juego de naipe. De gran calidad. Color de reverso surtido rojo y negro. Precio por unidad. Material : Cart\u00f3n Plastificado C\u00f3digo Aukinko : 11-24817 C\u00f3digo Convenio Marco : x<\/p>\n","protected":false},"featured_media":599615,"comment_status":"open","ping_status":"closed","template":"","meta":{"_et_pb_use_builder":"","_et_pb_old_content":"","_et_gb_content_width":""},"product_brand":[],"product_cat":[7385,149],"product_tag":[],"class_list":{"0":"post-599616","1":"product","2":"type-product","3":"status-publish","4":"has-post-thumbnail","6":"product_cat-estimulacion-cognitiva-y-motora-para-adultos-mayores","7":"product_cat-juegos-de-mesa","8":"pa_edad-10-anos","9":"pa_edad-6-a-8-anos","10":"pa_edad-8-a-10-anos","11":"pa_marca-toysmith","12":"pa_medidas-4356","13":"pa_medidas-3-x-2","14":"pa_medidas-5-cm","15":"pa_medidas-6-x-9","17":"first","18":"instock","19":"shipping-taxable","20":"purchasable","21":"product-type-simple"},"aioseo_notices":[],"_links":{"self":[{"href":"https:\/\/aukinkochile.com\/web\/wp-json\/wp\/v2\/product\/599616","targetHints":{"allow":["GET"]}}],"collection":[{"href":"https:\/\/aukinkochile.com\/web\/wp-json\/wp\/v2\/product"}],"about":[{"href":"https:\/\/aukinkochile.com\/web\/wp-json\/wp\/v2\/types\/product"}],"replies":[{"embeddable":true,"href":"https:\/\/aukinkochile.com\/web\/wp-json\/wp\/v2\/comments?post=599616"}],"wp:featuredmedia":[{"embeddable":true,"href":"https:\/\/aukinkochile.com\/web\/wp-json\/wp\/v2\/media\/599615"}],"wp:attachment":[{"href":"https:\/\/aukinkochile.com\/web\/wp-json\/wp\/v2\/media?parent=599616"}],"wp:term":[{"taxonomy":"product_brand","embeddable":true,"href":"https:\/\/aukinkochile.com\/web\/wp-json\/wp\/v2\/product_brand?post=599616"},{"taxonomy":"product_cat","embeddable":true,"href":"https:\/\/aukinkochile.com\/web\/wp-json\/wp\/v2\/product_cat?post=599616"},{"taxonomy":"product_tag","embeddable":true,"href":"https:\/\/aukinkochile.com\/web\/wp-json\/wp\/v2\/product_tag?post=599616"}],"curies":[{"name":"wp","href":"https:\/\/api.w.org\/{rel}","templated":true}]}}