{"id":599604,"date":"2022-10-14T15:36:55","date_gmt":"2022-10-14T15:36:55","guid":{"rendered":"https:\/\/aukinkochile.com\/web\/producto\/inflable-dinosaurio-aspersor\/"},"modified":"2025-10-22T14:53:43","modified_gmt":"2025-10-22T14:53:43","slug":"inflable-dinosaurio-aspersor","status":"publish","type":"product","link":"https:\/\/aukinkochile.com\/web\/producto\/inflable-dinosaurio-aspersor\/","title":{"rendered":"Inflable Dinosaurio Aspersor"},"content":{"rendered":"<p>Entretenido dinosaurio inflable con aspersor para rociar por su cabeza y entretener y refrescar a los menores. Se conecta a una manguera de jard\u00edn de tama\u00f1o est\u00e1ndar con una instalaci\u00f3n r\u00e1pida y f\u00e1cil.<\/p>\n<p><p><strong>Material : <\/strong> Pl\u00e1stico<\/p>\n<p><strong>C\u00f3digo Aukinko : <\/strong> 11-21356<\/p>\n<p><strong>C\u00f3digo Convenio Marco : <\/strong> x<\/p>\n","protected":false},"excerpt":{"rendered":"<p>Entretenido dinosaurio inflable con aspersor para rociar por su cabeza y entretener y refrescar a los menores. Se conecta a una manguera de jard\u00edn de tama\u00f1o est\u00e1ndar con una instalaci\u00f3n r\u00e1pida y f\u00e1cil. Material : Pl\u00e1stico C\u00f3digo Aukinko : 11-21356 C\u00f3digo Convenio Marco : x<\/p>\n","protected":false},"featured_media":599603,"comment_status":"open","ping_status":"closed","template":"","meta":{"_et_pb_use_builder":"","_et_pb_old_content":"","_et_gb_content_width":""},"product_brand":[],"product_cat":[1005],"product_tag":[],"class_list":{"0":"post-599604","1":"product","2":"type-product","3":"status-publish","4":"has-post-thumbnail","6":"product_cat-accesorios-patio","7":"pa_edad-10-anos","8":"pa_edad-3-a-4-anos","9":"pa_edad-4-a-5-anos","10":"pa_edad-5-a-6-anos","11":"pa_edad-6-a-8-anos","12":"pa_edad-8-a-10-anos","13":"pa_marca-toysmith","14":"pa_medidas-26-x-26-x-7","15":"pa_medidas-6-cm","17":"first","18":"instock","19":"shipping-taxable","20":"purchasable","21":"product-type-simple"},"aioseo_notices":[],"_links":{"self":[{"href":"https:\/\/aukinkochile.com\/web\/wp-json\/wp\/v2\/product\/599604","targetHints":{"allow":["GET"]}}],"collection":[{"href":"https:\/\/aukinkochile.com\/web\/wp-json\/wp\/v2\/product"}],"about":[{"href":"https:\/\/aukinkochile.com\/web\/wp-json\/wp\/v2\/types\/product"}],"replies":[{"embeddable":true,"href":"https:\/\/aukinkochile.com\/web\/wp-json\/wp\/v2\/comments?post=599604"}],"wp:featuredmedia":[{"embeddable":true,"href":"https:\/\/aukinkochile.com\/web\/wp-json\/wp\/v2\/media\/599603"}],"wp:attachment":[{"href":"https:\/\/aukinkochile.com\/web\/wp-json\/wp\/v2\/media?parent=599604"}],"wp:term":[{"taxonomy":"product_brand","embeddable":true,"href":"https:\/\/aukinkochile.com\/web\/wp-json\/wp\/v2\/product_brand?post=599604"},{"taxonomy":"product_cat","embeddable":true,"href":"https:\/\/aukinkochile.com\/web\/wp-json\/wp\/v2\/product_cat?post=599604"},{"taxonomy":"product_tag","embeddable":true,"href":"https:\/\/aukinkochile.com\/web\/wp-json\/wp\/v2\/product_tag?post=599604"}],"curies":[{"name":"wp","href":"https:\/\/api.w.org\/{rel}","templated":true}]}}