{"id":598830,"date":"2022-10-04T19:45:03","date_gmt":"2022-10-04T19:45:03","guid":{"rendered":"https:\/\/aukinkochile.com\/web\/producto\/juego-mesa-party-co-extreme\/"},"modified":"2024-11-11T21:09:15","modified_gmt":"2024-11-11T21:09:15","slug":"juego-mesa-party-co-extreme","status":"publish","type":"product","link":"https:\/\/aukinkochile.com\/web\/producto\/juego-mesa-party-co-extreme\/","title":{"rendered":"Juego de Mesa Party &#038; Co. Extreme"},"content":{"rendered":"<p>Aut\u00e9ntico juego de m\u00faltiples pruebas, pura diversi\u00f3n para jugar por equipos. Un juego \u00e1gil y divertid\u00edsimo. Cultura, azar, ingenio, psicolog\u00eda y estrategia. Para matarse de la risa.<\/p>\n<p><p><strong>Material : <\/strong> Cart\u00f3n Duro<\/p>\n<p><strong>C\u00f3digo Aukinko : <\/strong> 05-710089<\/p>\n<p><strong>C\u00f3digo Convenio Marco : <\/strong> x<\/p>\n","protected":false},"excerpt":{"rendered":"<p>Aut\u00e9ntico juego de m\u00faltiples pruebas, pura diversi\u00f3n para jugar por equipos. Un juego \u00e1gil y divertid\u00edsimo. Cultura, azar, ingenio, psicolog\u00eda y estrategia. Para matarse de la risa. Material : Cart\u00f3n Duro C\u00f3digo Aukinko : 05-710089 C\u00f3digo Convenio Marco : x<\/p>\n","protected":false},"featured_media":623614,"comment_status":"open","ping_status":"closed","template":"","meta":{"_et_pb_use_builder":"","_et_pb_old_content":"","_et_gb_content_width":""},"product_brand":[],"product_cat":[149],"product_tag":[],"class_list":{"0":"post-598830","1":"product","2":"type-product","3":"status-publish","4":"has-post-thumbnail","6":"product_cat-juegos-de-mesa","7":"pa_edad-10-anos","8":"pa_marca-diset","9":"pa_medidas-27-x-27-x-8","10":"pa_medidas-5-cm-caja","12":"first","13":"instock","14":"shipping-taxable","15":"purchasable","16":"product-type-simple"},"aioseo_notices":[],"_links":{"self":[{"href":"https:\/\/aukinkochile.com\/web\/wp-json\/wp\/v2\/product\/598830","targetHints":{"allow":["GET"]}}],"collection":[{"href":"https:\/\/aukinkochile.com\/web\/wp-json\/wp\/v2\/product"}],"about":[{"href":"https:\/\/aukinkochile.com\/web\/wp-json\/wp\/v2\/types\/product"}],"replies":[{"embeddable":true,"href":"https:\/\/aukinkochile.com\/web\/wp-json\/wp\/v2\/comments?post=598830"}],"wp:featuredmedia":[{"embeddable":true,"href":"https:\/\/aukinkochile.com\/web\/wp-json\/wp\/v2\/media\/623614"}],"wp:attachment":[{"href":"https:\/\/aukinkochile.com\/web\/wp-json\/wp\/v2\/media?parent=598830"}],"wp:term":[{"taxonomy":"product_brand","embeddable":true,"href":"https:\/\/aukinkochile.com\/web\/wp-json\/wp\/v2\/product_brand?post=598830"},{"taxonomy":"product_cat","embeddable":true,"href":"https:\/\/aukinkochile.com\/web\/wp-json\/wp\/v2\/product_cat?post=598830"},{"taxonomy":"product_tag","embeddable":true,"href":"https:\/\/aukinkochile.com\/web\/wp-json\/wp\/v2\/product_tag?post=598830"}],"curies":[{"name":"wp","href":"https:\/\/api.w.org\/{rel}","templated":true}]}}