{"id":598813,"date":"2022-10-04T19:13:04","date_gmt":"2022-10-04T19:13:04","guid":{"rendered":"https:\/\/aukinkochile.com\/web\/producto\/pelota-safari-organica\/"},"modified":"2026-01-09T21:43:07","modified_gmt":"2026-01-09T21:43:07","slug":"pelota-safari-organica","status":"publish","type":"product","link":"https:\/\/aukinkochile.com\/web\/producto\/pelota-safari-organica\/","title":{"rendered":"Pelota Safari Org\u00e1nica"},"content":{"rendered":"<p>Esta hermosa pelota est\u00e1 dise\u00f1ada para deleitar los sentidos en desarrollo de los beb\u00e9 con su gran suavidad y un sonajero en su interior para estimularles a trav\u00e9s del sonido.\u00a0Los gr\u00e1ficos exclusivos pintados a mano captan visualmente la atenci\u00f3n del beb\u00e9, mientras que las variadas texturas brindan estimulaci\u00f3n t\u00e1ctil.\u00a0Fabricado 100% en algod\u00f3n org\u00e1nico. Todos los productos de esta maravillosa marca son fabricados de forma sostenible y con materiales biodegradables, fabricaci\u00f3n socialmente responsable, hecho a mano. <\/p>\n<p><p><strong>Material : <\/strong> Algod\u00f3n 100% Org\u00e1nico<\/p>\n<p><strong>C\u00f3digo Aukinko : <\/strong> 18-498201<\/p>\n<p><strong>C\u00f3digo Convenio Marco : <\/strong> x<\/p>\n","protected":false},"excerpt":{"rendered":"<p>Esta hermosa pelota est\u00e1 dise\u00f1ada para deleitar los sentidos en desarrollo de los beb\u00e9 con su gran suavidad y un sonajero en su interior para estimularles a trav\u00e9s del sonido.\u00a0Los gr\u00e1ficos exclusivos pintados a mano captan visualmente la atenci\u00f3n del beb\u00e9, mientras que las variadas texturas brindan estimulaci\u00f3n t\u00e1ctil.\u00a0Fabricado 100% en algod\u00f3n org\u00e1nico. Todos los [&hellip;]<\/p>\n","protected":false},"featured_media":624626,"comment_status":"open","ping_status":"closed","template":"","meta":{"_et_pb_use_builder":"","_et_pb_old_content":"","_et_gb_content_width":""},"product_brand":[],"product_cat":[18,23],"product_tag":[],"class_list":{"0":"post-598813","1":"product","2":"type-product","3":"status-publish","4":"has-post-thumbnail","6":"product_cat-motricidad-gruesa","7":"product_cat-primeros-anos","8":"pa_edad-0-a-1-ano","9":"pa_edad-1-a-2-anos","10":"pa_marca-tikiri","11":"pa_medidas-4481","12":"pa_medidas-5-cm","14":"first","15":"instock","16":"shipping-taxable","17":"purchasable","18":"product-type-simple"},"aioseo_notices":[],"_links":{"self":[{"href":"https:\/\/aukinkochile.com\/web\/wp-json\/wp\/v2\/product\/598813","targetHints":{"allow":["GET"]}}],"collection":[{"href":"https:\/\/aukinkochile.com\/web\/wp-json\/wp\/v2\/product"}],"about":[{"href":"https:\/\/aukinkochile.com\/web\/wp-json\/wp\/v2\/types\/product"}],"replies":[{"embeddable":true,"href":"https:\/\/aukinkochile.com\/web\/wp-json\/wp\/v2\/comments?post=598813"}],"wp:featuredmedia":[{"embeddable":true,"href":"https:\/\/aukinkochile.com\/web\/wp-json\/wp\/v2\/media\/624626"}],"wp:attachment":[{"href":"https:\/\/aukinkochile.com\/web\/wp-json\/wp\/v2\/media?parent=598813"}],"wp:term":[{"taxonomy":"product_brand","embeddable":true,"href":"https:\/\/aukinkochile.com\/web\/wp-json\/wp\/v2\/product_brand?post=598813"},{"taxonomy":"product_cat","embeddable":true,"href":"https:\/\/aukinkochile.com\/web\/wp-json\/wp\/v2\/product_cat?post=598813"},{"taxonomy":"product_tag","embeddable":true,"href":"https:\/\/aukinkochile.com\/web\/wp-json\/wp\/v2\/product_tag?post=598813"}],"curies":[{"name":"wp","href":"https:\/\/api.w.org\/{rel}","templated":true}]}}