{"id":598699,"date":"2022-10-04T19:12:09","date_gmt":"2022-10-04T19:12:09","guid":{"rendered":"https:\/\/aukinkochile.com\/web\/producto\/domino-foto-animales-28-pz\/"},"modified":"2024-11-11T21:11:13","modified_gmt":"2024-11-11T21:11:13","slug":"domino-foto-animales-28-pz","status":"publish","type":"product","link":"https:\/\/aukinkochile.com\/web\/producto\/domino-foto-animales-28-pz\/","title":{"rendered":"Domino Foto Animales 28 pz"},"content":{"rendered":"<p>Domin\u00f3 reversible de 28 piezas con fotograf\u00edas de animales por un lado y puntos de colores por el otro. Material resistente. Cada pieza 8 x 4 cm <\/p>\n<p><p><strong>Material : <\/strong> Cart\u00f3n Grueso<\/p>\n<p><strong>C\u00f3digo Aukinko : <\/strong> 05-768968<\/p>\n<p><strong>C\u00f3digo Convenio Marco : <\/strong> x<\/p>\n","protected":false},"excerpt":{"rendered":"<p>Domin\u00f3 reversible de 28 piezas con fotograf\u00edas de animales por un lado y puntos de colores por el otro. Material resistente. Cada pieza 8 x 4 cm Material : Cart\u00f3n Grueso C\u00f3digo Aukinko : 05-768968 C\u00f3digo Convenio Marco : x<\/p>\n","protected":false},"featured_media":623542,"comment_status":"open","ping_status":"closed","template":"","meta":{"_et_pb_use_builder":"","_et_pb_old_content":"","_et_gb_content_width":""},"product_brand":[],"product_cat":[91,149],"product_tag":[],"class_list":{"0":"post-598699","1":"product","2":"type-product","3":"status-publish","4":"has-post-thumbnail","6":"product_cat-accesorios-sala","7":"product_cat-juegos-de-mesa","8":"pa_edad-3-a-4-anos","9":"pa_edad-4-a-5-anos","10":"pa_edad-5-a-6-anos","11":"pa_edad-6-a-8-anos","12":"pa_marca-diset","13":"pa_medidas-4394","14":"pa_medidas-7-x-20-cm-caja","16":"first","17":"instock","18":"shipping-taxable","19":"purchasable","20":"product-type-simple"},"aioseo_notices":[],"_links":{"self":[{"href":"https:\/\/aukinkochile.com\/web\/wp-json\/wp\/v2\/product\/598699","targetHints":{"allow":["GET"]}}],"collection":[{"href":"https:\/\/aukinkochile.com\/web\/wp-json\/wp\/v2\/product"}],"about":[{"href":"https:\/\/aukinkochile.com\/web\/wp-json\/wp\/v2\/types\/product"}],"replies":[{"embeddable":true,"href":"https:\/\/aukinkochile.com\/web\/wp-json\/wp\/v2\/comments?post=598699"}],"wp:featuredmedia":[{"embeddable":true,"href":"https:\/\/aukinkochile.com\/web\/wp-json\/wp\/v2\/media\/623542"}],"wp:attachment":[{"href":"https:\/\/aukinkochile.com\/web\/wp-json\/wp\/v2\/media?parent=598699"}],"wp:term":[{"taxonomy":"product_brand","embeddable":true,"href":"https:\/\/aukinkochile.com\/web\/wp-json\/wp\/v2\/product_brand?post=598699"},{"taxonomy":"product_cat","embeddable":true,"href":"https:\/\/aukinkochile.com\/web\/wp-json\/wp\/v2\/product_cat?post=598699"},{"taxonomy":"product_tag","embeddable":true,"href":"https:\/\/aukinkochile.com\/web\/wp-json\/wp\/v2\/product_tag?post=598699"}],"curies":[{"name":"wp","href":"https:\/\/api.w.org\/{rel}","templated":true}]}}