{"id":598696,"date":"2022-10-04T19:12:07","date_gmt":"2022-10-04T19:12:07","guid":{"rendered":"https:\/\/aukinkochile.com\/web\/producto\/juego-matematicas-tablas-sumar-y-restar\/"},"modified":"2024-11-11T21:11:12","modified_gmt":"2024-11-11T21:11:12","slug":"juego-matematicas-tablas-sumar-y-restar","status":"publish","type":"product","link":"https:\/\/aukinkochile.com\/web\/producto\/juego-matematicas-tablas-sumar-y-restar\/","title":{"rendered":"Juego Aprendo Tablas, Sumar y Restar"},"content":{"rendered":"<p>Los 9 tableros de sumas y fichas auto correctivas parecen ser una excelente herramienta educativa para ayudar a los ni\u00f1os a aprender las primeras operaciones matem\u00e1ticas, incluyendo sumas y restas. Al proporcionar ilustraciones y n\u00fameros para abordar estos conceptos, el juego ofrece diferentes niveles de aprendizaje para adaptarse a las necesidades de los ni\u00f1os en diferentes etapas de su desarrollo matem\u00e1tico. Aprender a trav\u00e9s de actividades interactivas y auto correctivas puede hacer que el proceso sea m\u00e1s divertido y efectivo, al tiempo que fomenta la independencia y la autoevaluaci\u00f3n. Este juego es una forma excelente de ayudar a los ni\u00f1os a desarrollar sus habilidades matem\u00e1ticas de manera divertida y educativa.<\/p>\n<p><p><strong>Material : <\/strong> Cart\u00f3n Grueso<\/p>\n<p><strong>C\u00f3digo Aukinko : <\/strong> 05-768954<\/p>\n<p><strong>C\u00f3digo Convenio Marco : <\/strong> x<\/p>\n","protected":false},"excerpt":{"rendered":"<p>Los 9 tableros de sumas y fichas auto correctivas parecen ser una excelente herramienta educativa para ayudar a los ni\u00f1os a aprender las primeras operaciones matem\u00e1ticas, incluyendo sumas y restas. Al proporcionar ilustraciones y n\u00fameros para abordar estos conceptos, el juego ofrece diferentes niveles de aprendizaje para adaptarse a las necesidades de los ni\u00f1os en [&hellip;]<\/p>\n","protected":false},"featured_media":623541,"comment_status":"open","ping_status":"closed","template":"","meta":{"_et_pb_use_builder":"","_et_pb_old_content":"","_et_gb_content_width":""},"product_brand":[],"product_cat":[90],"product_tag":[],"class_list":{"0":"post-598696","1":"product","2":"type-product","3":"status-publish","4":"has-post-thumbnail","6":"product_cat-matematicas","7":"pa_edad-3-a-4-anos","8":"pa_edad-4-a-5-anos","9":"pa_edad-5-a-6-anos","10":"pa_edad-6-a-8-anos","11":"pa_marca-diset","12":"pa_medidas-3-cm","13":"pa_medidas-4426","14":"pa_medidas-4-x-26","15":"pa_medidas-5-x-5","17":"first","18":"instock","19":"shipping-taxable","20":"purchasable","21":"product-type-simple"},"aioseo_notices":[],"_links":{"self":[{"href":"https:\/\/aukinkochile.com\/web\/wp-json\/wp\/v2\/product\/598696","targetHints":{"allow":["GET"]}}],"collection":[{"href":"https:\/\/aukinkochile.com\/web\/wp-json\/wp\/v2\/product"}],"about":[{"href":"https:\/\/aukinkochile.com\/web\/wp-json\/wp\/v2\/types\/product"}],"replies":[{"embeddable":true,"href":"https:\/\/aukinkochile.com\/web\/wp-json\/wp\/v2\/comments?post=598696"}],"wp:featuredmedia":[{"embeddable":true,"href":"https:\/\/aukinkochile.com\/web\/wp-json\/wp\/v2\/media\/623541"}],"wp:attachment":[{"href":"https:\/\/aukinkochile.com\/web\/wp-json\/wp\/v2\/media?parent=598696"}],"wp:term":[{"taxonomy":"product_brand","embeddable":true,"href":"https:\/\/aukinkochile.com\/web\/wp-json\/wp\/v2\/product_brand?post=598696"},{"taxonomy":"product_cat","embeddable":true,"href":"https:\/\/aukinkochile.com\/web\/wp-json\/wp\/v2\/product_cat?post=598696"},{"taxonomy":"product_tag","embeddable":true,"href":"https:\/\/aukinkochile.com\/web\/wp-json\/wp\/v2\/product_tag?post=598696"}],"curies":[{"name":"wp","href":"https:\/\/api.w.org\/{rel}","templated":true}]}}