{"id":598690,"date":"2022-10-04T19:12:01","date_gmt":"2022-10-04T19:12:01","guid":{"rendered":"https:\/\/aukinkochile.com\/web\/producto\/banera-violeta\/"},"modified":"2024-11-11T21:11:07","modified_gmt":"2024-11-11T21:11:07","slug":"banera-violeta","status":"publish","type":"product","link":"https:\/\/aukinkochile.com\/web\/producto\/banera-violeta\/","title":{"rendered":"Ba\u00f1era Violeta"},"content":{"rendered":"<p>Ba\u00f1era cambiador violeta en flores. Ya puedes ba\u00f1ar a tus mu\u00f1ecas y cuando termines el ba\u00f1o las podr\u00e1s cambiar en el cambiador que se coloca en la parte superior de la ba\u00f1era. Ideal para mu\u00f1ecas de 30 a 36 cm. Recomendado a partir de 3 a\u00f1os.\u00a0<\/p>\n<p><p><strong>Material : <\/strong> Pl\u00e1stico y Genero<\/p>\n<p><strong>C\u00f3digo Aukinko : <\/strong> 05-765074<\/p>\n<p><strong>C\u00f3digo Convenio Marco : <\/strong> x<\/p>\n","protected":false},"excerpt":{"rendered":"<p>Ba\u00f1era cambiador violeta en flores. Ya puedes ba\u00f1ar a tus mu\u00f1ecas y cuando termines el ba\u00f1o las podr\u00e1s cambiar en el cambiador que se coloca en la parte superior de la ba\u00f1era. Ideal para mu\u00f1ecas de 30 a 36 cm. Recomendado a partir de 3 a\u00f1os.\u00a0 Material : Pl\u00e1stico y Genero C\u00f3digo Aukinko : 05-765074 [&hellip;]<\/p>\n","protected":false},"featured_media":623536,"comment_status":"open","ping_status":"closed","template":"","meta":{"_et_pb_use_builder":"","_et_pb_old_content":"","_et_gb_content_width":""},"product_brand":[],"product_cat":[17],"product_tag":[],"class_list":{"0":"post-598690","1":"product","2":"type-product","3":"status-publish","4":"has-post-thumbnail","6":"product_cat-juegos-de-rol","7":"pa_edad-3-a-4-anos","8":"pa_edad-4-a-5-anos","9":"pa_edad-5-a-6-anos","10":"pa_edad-6-a-8-anos","11":"pa_edad-8-a-10-anos","12":"pa_marca-diset","13":"pa_medidas-46-x-48-x-26-cm","15":"first","16":"instock","17":"shipping-taxable","18":"purchasable","19":"product-type-simple"},"aioseo_notices":[],"_links":{"self":[{"href":"https:\/\/aukinkochile.com\/web\/wp-json\/wp\/v2\/product\/598690","targetHints":{"allow":["GET"]}}],"collection":[{"href":"https:\/\/aukinkochile.com\/web\/wp-json\/wp\/v2\/product"}],"about":[{"href":"https:\/\/aukinkochile.com\/web\/wp-json\/wp\/v2\/types\/product"}],"replies":[{"embeddable":true,"href":"https:\/\/aukinkochile.com\/web\/wp-json\/wp\/v2\/comments?post=598690"}],"wp:featuredmedia":[{"embeddable":true,"href":"https:\/\/aukinkochile.com\/web\/wp-json\/wp\/v2\/media\/623536"}],"wp:attachment":[{"href":"https:\/\/aukinkochile.com\/web\/wp-json\/wp\/v2\/media?parent=598690"}],"wp:term":[{"taxonomy":"product_brand","embeddable":true,"href":"https:\/\/aukinkochile.com\/web\/wp-json\/wp\/v2\/product_brand?post=598690"},{"taxonomy":"product_cat","embeddable":true,"href":"https:\/\/aukinkochile.com\/web\/wp-json\/wp\/v2\/product_cat?post=598690"},{"taxonomy":"product_tag","embeddable":true,"href":"https:\/\/aukinkochile.com\/web\/wp-json\/wp\/v2\/product_tag?post=598690"}],"curies":[{"name":"wp","href":"https:\/\/api.w.org\/{rel}","templated":true}]}}