{"id":598671,"date":"2022-10-04T19:11:52","date_gmt":"2022-10-04T19:11:52","guid":{"rendered":"https:\/\/aukinkochile.com\/web\/producto\/juego-aprendo-ingles\/"},"modified":"2024-11-11T21:11:00","modified_gmt":"2024-11-11T21:11:00","slug":"juego-aprendo-ingles","status":"publish","type":"product","link":"https:\/\/aukinkochile.com\/web\/producto\/juego-aprendo-ingles\/","title":{"rendered":"Juego Aprendo Ingles"},"content":{"rendered":"<p>Este juego es ideal para que los m\u00e1s peque\u00f1os aprendan a leer, formar palabras y deletrear en ingl\u00e9s. Incluye 15 l\u00e1minas diferentes con un nivel de dificultad progresivo, y cada l\u00e1mina contiene 6 palabras. Es recomendado para ni\u00f1os a partir de 5 a\u00f1os y ofrece una divertida forma de mejorar las habilidades de lectura y escritura en ingl\u00e9s.<\/p>\n<p><p><strong>Material : <\/strong> Cart\u00f3n Resistente<\/p>\n<p><strong>C\u00f3digo Aukinko : <\/strong> 05-763727<\/p>\n<p><strong>C\u00f3digo Convenio Marco : <\/strong> x<\/p>\n","protected":false},"excerpt":{"rendered":"<p>Este juego es ideal para que los m\u00e1s peque\u00f1os aprendan a leer, formar palabras y deletrear en ingl\u00e9s. Incluye 15 l\u00e1minas diferentes con un nivel de dificultad progresivo, y cada l\u00e1mina contiene 6 palabras. Es recomendado para ni\u00f1os a partir de 5 a\u00f1os y ofrece una divertida forma de mejorar las habilidades de lectura y [&hellip;]<\/p>\n","protected":false},"featured_media":623523,"comment_status":"open","ping_status":"closed","template":"","meta":{"_et_pb_use_builder":"","_et_pb_old_content":"","_et_gb_content_width":""},"product_brand":[],"product_cat":[149,151],"product_tag":[],"class_list":{"0":"post-598671","1":"product","2":"type-product","3":"status-publish","4":"has-post-thumbnail","6":"product_cat-juegos-de-mesa","7":"product_cat-lenguaje","8":"pa_edad-10-anos","9":"pa_edad-5-a-6-anos","10":"pa_edad-6-a-8-anos","11":"pa_edad-8-a-10-anos","12":"pa_marca-diset","13":"pa_medidas-4336","14":"pa_medidas-5-x-26-x-6-cm","16":"first","17":"instock","18":"shipping-taxable","19":"purchasable","20":"product-type-simple"},"aioseo_notices":[],"_links":{"self":[{"href":"https:\/\/aukinkochile.com\/web\/wp-json\/wp\/v2\/product\/598671","targetHints":{"allow":["GET"]}}],"collection":[{"href":"https:\/\/aukinkochile.com\/web\/wp-json\/wp\/v2\/product"}],"about":[{"href":"https:\/\/aukinkochile.com\/web\/wp-json\/wp\/v2\/types\/product"}],"replies":[{"embeddable":true,"href":"https:\/\/aukinkochile.com\/web\/wp-json\/wp\/v2\/comments?post=598671"}],"wp:featuredmedia":[{"embeddable":true,"href":"https:\/\/aukinkochile.com\/web\/wp-json\/wp\/v2\/media\/623523"}],"wp:attachment":[{"href":"https:\/\/aukinkochile.com\/web\/wp-json\/wp\/v2\/media?parent=598671"}],"wp:term":[{"taxonomy":"product_brand","embeddable":true,"href":"https:\/\/aukinkochile.com\/web\/wp-json\/wp\/v2\/product_brand?post=598671"},{"taxonomy":"product_cat","embeddable":true,"href":"https:\/\/aukinkochile.com\/web\/wp-json\/wp\/v2\/product_cat?post=598671"},{"taxonomy":"product_tag","embeddable":true,"href":"https:\/\/aukinkochile.com\/web\/wp-json\/wp\/v2\/product_tag?post=598671"}],"curies":[{"name":"wp","href":"https:\/\/api.w.org\/{rel}","templated":true}]}}