{"id":598666,"date":"2022-10-04T19:11:49","date_gmt":"2022-10-04T19:11:49","guid":{"rendered":"https:\/\/aukinkochile.com\/web\/producto\/pizarra-magnetica-ropa\/"},"modified":"2024-11-11T21:10:57","modified_gmt":"2024-11-11T21:10:57","slug":"pizarra-magnetica-ropa","status":"publish","type":"product","link":"https:\/\/aukinkochile.com\/web\/producto\/pizarra-magnetica-ropa\/","title":{"rendered":"Pizarra Magn\u00e9tica Ropa"},"content":{"rendered":"<p>Pizarra magn\u00e9tica doble cara con tem\u00e1tica de ni\u00f1os y ni\u00f1as, junto con 2 l\u00e1minas que contienen un total de 29 piezas magn\u00e9ticas para vestir y combinar con diferentes conjuntos, como gorros, pantalones, camisetas, zapatos, y m\u00e1s. Este entretenido juego es tanto divertido como educativo, ya que ense\u00f1a a los ni\u00f1os sobre las diferentes prendas que usan los ni\u00f1os y las ni\u00f1as.<\/p>\n<p><p><strong>Material : <\/strong> Pl\u00e1stico<\/p>\n<p><strong>C\u00f3digo Aukinko : <\/strong> 05-763246<\/p>\n<p><strong>C\u00f3digo Convenio Marco : <\/strong> x<\/p>\n","protected":false},"excerpt":{"rendered":"<p>Pizarra magn\u00e9tica doble cara con tem\u00e1tica de ni\u00f1os y ni\u00f1as, junto con 2 l\u00e1minas que contienen un total de 29 piezas magn\u00e9ticas para vestir y combinar con diferentes conjuntos, como gorros, pantalones, camisetas, zapatos, y m\u00e1s. Este entretenido juego es tanto divertido como educativo, ya que ense\u00f1a a los ni\u00f1os sobre las diferentes prendas que [&hellip;]<\/p>\n","protected":false},"featured_media":623522,"comment_status":"open","ping_status":"closed","template":"","meta":{"_et_pb_use_builder":"","_et_pb_old_content":"","_et_gb_content_width":""},"product_brand":[],"product_cat":[21,20],"product_tag":[],"class_list":{"0":"post-598666","1":"product","2":"type-product","3":"status-publish","4":"has-post-thumbnail","6":"product_cat-arte-y-manipulacion","7":"product_cat-motricidad-fina","8":"pa_edad-3-a-4-anos","9":"pa_edad-4-a-5-anos","10":"pa_edad-5-a-6-anos","11":"pa_edad-6-a-8-anos","12":"pa_marca-diset","13":"pa_medidas-33-x-26-x-4-cm","15":"first","16":"instock","17":"shipping-taxable","18":"purchasable","19":"product-type-simple"},"aioseo_notices":[],"_links":{"self":[{"href":"https:\/\/aukinkochile.com\/web\/wp-json\/wp\/v2\/product\/598666","targetHints":{"allow":["GET"]}}],"collection":[{"href":"https:\/\/aukinkochile.com\/web\/wp-json\/wp\/v2\/product"}],"about":[{"href":"https:\/\/aukinkochile.com\/web\/wp-json\/wp\/v2\/types\/product"}],"replies":[{"embeddable":true,"href":"https:\/\/aukinkochile.com\/web\/wp-json\/wp\/v2\/comments?post=598666"}],"wp:featuredmedia":[{"embeddable":true,"href":"https:\/\/aukinkochile.com\/web\/wp-json\/wp\/v2\/media\/623522"}],"wp:attachment":[{"href":"https:\/\/aukinkochile.com\/web\/wp-json\/wp\/v2\/media?parent=598666"}],"wp:term":[{"taxonomy":"product_brand","embeddable":true,"href":"https:\/\/aukinkochile.com\/web\/wp-json\/wp\/v2\/product_brand?post=598666"},{"taxonomy":"product_cat","embeddable":true,"href":"https:\/\/aukinkochile.com\/web\/wp-json\/wp\/v2\/product_cat?post=598666"},{"taxonomy":"product_tag","embeddable":true,"href":"https:\/\/aukinkochile.com\/web\/wp-json\/wp\/v2\/product_tag?post=598666"}],"curies":[{"name":"wp","href":"https:\/\/api.w.org\/{rel}","templated":true}]}}