{"id":598656,"date":"2022-10-04T19:11:42","date_gmt":"2022-10-04T19:11:42","guid":{"rendered":"https:\/\/aukinkochile.com\/web\/producto\/puzle-500-pz-comic-expert-tiburones\/"},"modified":"2024-11-11T21:10:53","modified_gmt":"2024-11-11T21:10:53","slug":"puzle-500-pz-comic-expert-tiburones","status":"publish","type":"product","link":"https:\/\/aukinkochile.com\/web\/producto\/puzle-500-pz-comic-expert-tiburones\/","title":{"rendered":"Puzle 500 pz Comic Expert, Tiburones"},"content":{"rendered":"<p>Este puzle de 500 piezas con las divertidas ilustraciones de Jan van Haasteren es ideal para aquellos que disfrutan de un desaf\u00edo. Las im\u00e1genes c\u00f3micas llenas de detalles har\u00e1n que cada pieza sea interesante de armar. Adem\u00e1s, la alta calidad de este producto garantiza que las piezas encajar\u00e1n perfectamente. Una vez que hayas terminado de armarlo, el puzle medir\u00e1 35 x 49 cm, y tendr\u00e1s una obra de arte c\u00f3mica para disfrutar. \u00a1Disfruta del desaf\u00edo y descubre todos los detalles hilarantes en las ilustraciones de Jan van Haasteren mientras resuelves este puzle de 500 piezas!<\/p>\n<p><p><strong>Material : <\/strong> Cart\u00f3n Duro<\/p>\n<p><strong>C\u00f3digo Aukinko : <\/strong> 05-7620089<\/p>\n<p><strong>C\u00f3digo Convenio Marco : <\/strong> x<\/p>\n","protected":false},"excerpt":{"rendered":"<p>Este puzle de 500 piezas con las divertidas ilustraciones de Jan van Haasteren es ideal para aquellos que disfrutan de un desaf\u00edo. Las im\u00e1genes c\u00f3micas llenas de detalles har\u00e1n que cada pieza sea interesante de armar. Adem\u00e1s, la alta calidad de este producto garantiza que las piezas encajar\u00e1n perfectamente. Una vez que hayas terminado de [&hellip;]<\/p>\n","protected":false},"featured_media":623517,"comment_status":"open","ping_status":"closed","template":"","meta":{"_et_pb_use_builder":"","_et_pb_old_content":"","_et_gb_content_width":""},"product_brand":[],"product_cat":[20,22],"product_tag":[],"class_list":{"0":"post-598656","1":"product","2":"type-product","3":"status-publish","4":"has-post-thumbnail","6":"product_cat-motricidad-fina","7":"product_cat-puzzles","8":"pa_edad-10-anos","9":"pa_marca-diset","10":"pa_medidas-26-x-7-x-20-cm","12":"first","13":"instock","14":"shipping-taxable","15":"purchasable","16":"product-type-simple"},"aioseo_notices":[],"_links":{"self":[{"href":"https:\/\/aukinkochile.com\/web\/wp-json\/wp\/v2\/product\/598656","targetHints":{"allow":["GET"]}}],"collection":[{"href":"https:\/\/aukinkochile.com\/web\/wp-json\/wp\/v2\/product"}],"about":[{"href":"https:\/\/aukinkochile.com\/web\/wp-json\/wp\/v2\/types\/product"}],"replies":[{"embeddable":true,"href":"https:\/\/aukinkochile.com\/web\/wp-json\/wp\/v2\/comments?post=598656"}],"wp:featuredmedia":[{"embeddable":true,"href":"https:\/\/aukinkochile.com\/web\/wp-json\/wp\/v2\/media\/623517"}],"wp:attachment":[{"href":"https:\/\/aukinkochile.com\/web\/wp-json\/wp\/v2\/media?parent=598656"}],"wp:term":[{"taxonomy":"product_brand","embeddable":true,"href":"https:\/\/aukinkochile.com\/web\/wp-json\/wp\/v2\/product_brand?post=598656"},{"taxonomy":"product_cat","embeddable":true,"href":"https:\/\/aukinkochile.com\/web\/wp-json\/wp\/v2\/product_cat?post=598656"},{"taxonomy":"product_tag","embeddable":true,"href":"https:\/\/aukinkochile.com\/web\/wp-json\/wp\/v2\/product_tag?post=598656"}],"curies":[{"name":"wp","href":"https:\/\/api.w.org\/{rel}","templated":true}]}}