{"id":598646,"date":"2022-10-04T19:11:38","date_gmt":"2022-10-04T19:11:38","guid":{"rendered":"https:\/\/aukinkochile.com\/web\/producto\/puzle-240-pz-comic-jr-recreo\/"},"modified":"2024-11-11T21:10:49","modified_gmt":"2024-11-11T21:10:49","slug":"puzle-240-pz-comic-jr-recreo","status":"publish","type":"product","link":"https:\/\/aukinkochile.com\/web\/producto\/puzle-240-pz-comic-jr-recreo\/","title":{"rendered":"Puzle 240 pz Comic Jr., Recreo"},"content":{"rendered":"<p>Este puzle de 240 piezas con las divertidas ilustraciones de Jan van Haasteren es una excelente elecci\u00f3n para disfrutar de horas de entretenimiento. Las im\u00e1genes c\u00f3micas llenas de detalles hilarantes te mantendr\u00e1n entretenido mientras armas el puzle. Con una alta calidad de fabricaci\u00f3n, las piezas encajar\u00e1n perfectamente, y una vez armado, el puzle tendr\u00e1 unas dimensiones de 35 x 49 cm. \u00a1Prep\u00e1rate para sumergirte en el mundo c\u00f3mico de Jan van Haasteren mientras disfrutas de este puzle!<\/p>\n<p><p><strong>Material : <\/strong> Cart\u00f3n Duro<\/p>\n<p><strong>C\u00f3digo Aukinko : <\/strong> 05-7620061<\/p>\n<p><strong>C\u00f3digo Convenio Marco : <\/strong> x<\/p>\n","protected":false},"excerpt":{"rendered":"<p>Este puzle de 240 piezas con las divertidas ilustraciones de Jan van Haasteren es una excelente elecci\u00f3n para disfrutar de horas de entretenimiento. Las im\u00e1genes c\u00f3micas llenas de detalles hilarantes te mantendr\u00e1n entretenido mientras armas el puzle. Con una alta calidad de fabricaci\u00f3n, las piezas encajar\u00e1n perfectamente, y una vez armado, el puzle tendr\u00e1 unas [&hellip;]<\/p>\n","protected":false},"featured_media":623514,"comment_status":"open","ping_status":"closed","template":"","meta":{"_et_pb_use_builder":"","_et_pb_old_content":"","_et_gb_content_width":""},"product_brand":[],"product_cat":[20,22],"product_tag":[],"class_list":{"0":"post-598646","1":"product","2":"type-product","3":"status-publish","4":"has-post-thumbnail","6":"product_cat-motricidad-fina","7":"product_cat-puzzles","8":"pa_edad-10-anos","9":"pa_edad-5-a-6-anos","10":"pa_edad-6-a-8-anos","11":"pa_edad-8-a-10-anos","12":"pa_marca-diset","13":"pa_medidas-23-x-5-x-32-cm","15":"first","16":"instock","17":"shipping-taxable","18":"purchasable","19":"product-type-simple"},"aioseo_notices":[],"_links":{"self":[{"href":"https:\/\/aukinkochile.com\/web\/wp-json\/wp\/v2\/product\/598646","targetHints":{"allow":["GET"]}}],"collection":[{"href":"https:\/\/aukinkochile.com\/web\/wp-json\/wp\/v2\/product"}],"about":[{"href":"https:\/\/aukinkochile.com\/web\/wp-json\/wp\/v2\/types\/product"}],"replies":[{"embeddable":true,"href":"https:\/\/aukinkochile.com\/web\/wp-json\/wp\/v2\/comments?post=598646"}],"wp:featuredmedia":[{"embeddable":true,"href":"https:\/\/aukinkochile.com\/web\/wp-json\/wp\/v2\/media\/623514"}],"wp:attachment":[{"href":"https:\/\/aukinkochile.com\/web\/wp-json\/wp\/v2\/media?parent=598646"}],"wp:term":[{"taxonomy":"product_brand","embeddable":true,"href":"https:\/\/aukinkochile.com\/web\/wp-json\/wp\/v2\/product_brand?post=598646"},{"taxonomy":"product_cat","embeddable":true,"href":"https:\/\/aukinkochile.com\/web\/wp-json\/wp\/v2\/product_cat?post=598646"},{"taxonomy":"product_tag","embeddable":true,"href":"https:\/\/aukinkochile.com\/web\/wp-json\/wp\/v2\/product_tag?post=598646"}],"curies":[{"name":"wp","href":"https:\/\/api.w.org\/{rel}","templated":true}]}}