{"id":598576,"date":"2022-10-04T19:10:53","date_gmt":"2022-10-04T19:10:53","guid":{"rendered":"https:\/\/aukinkochile.com\/web\/producto\/juego-equilibrio-conejos-madera\/"},"modified":"2025-06-26T16:12:32","modified_gmt":"2025-06-26T16:12:32","slug":"juego-equilibrio-conejos-madera","status":"publish","type":"product","link":"https:\/\/aukinkochile.com\/web\/producto\/juego-equilibrio-conejos-madera\/","title":{"rendered":"Juego Equilibrio Conejos Madera"},"content":{"rendered":"<p>Divertido juego de apilado de madera con conejitos de diferentes colores. Puedes apilar los 12 conejitos de m\u00faltiples maneras. El juego incluye 5 cartas de ejemplos impresas por ambas caras con dificultad progresiva. Puedes jugar solo o con otros ni\u00f1os o adultos. El juego contiene 12 conejitos de madera en 4 colores, 5 tarjetas impresas por ambas caras y una gu\u00eda pedag\u00f3gica.<\/p>\n<p><p><strong>Material : <\/strong> Madera y Cart\u00f3n<\/p>\n<p><strong>C\u00f3digo Aukinko : <\/strong> 05-755243<\/p>\n<p><strong>C\u00f3digo Convenio Marco : <\/strong> x<\/p>\n","protected":false},"excerpt":{"rendered":"<p>Divertido juego de apilado de madera con conejitos de diferentes colores. Puedes apilar los 12 conejitos de m\u00faltiples maneras. El juego incluye 5 cartas de ejemplos impresas por ambas caras con dificultad progresiva. Puedes jugar solo o con otros ni\u00f1os o adultos. El juego contiene 12 conejitos de madera en 4 colores, 5 tarjetas impresas [&hellip;]<\/p>\n","protected":false},"featured_media":623460,"comment_status":"open","ping_status":"closed","template":"","meta":{"_et_pb_use_builder":"","_et_pb_old_content":"","_et_gb_content_width":""},"product_brand":[],"product_cat":[19,7385,20],"product_tag":[],"class_list":{"0":"post-598576","1":"product","2":"type-product","3":"status-publish","4":"has-post-thumbnail","6":"product_cat-construccion","7":"product_cat-estimulacion-cognitiva-y-motora-para-adultos-mayores","8":"product_cat-motricidad-fina","9":"pa_edad-0-a-1-ano","10":"pa_edad-1-a-2-anos","11":"pa_edad-2-a-3-anos","12":"pa_edad-3-a-4-anos","13":"pa_edad-4-a-5-anos","14":"pa_edad-5-a-6-anos","15":"pa_marca-diset","16":"pa_medidas-4964","17":"pa_medidas-5-x-22","18":"pa_medidas-5-x-36-cm","20":"first","21":"instock","22":"shipping-taxable","23":"purchasable","24":"product-type-simple"},"aioseo_notices":[],"_links":{"self":[{"href":"https:\/\/aukinkochile.com\/web\/wp-json\/wp\/v2\/product\/598576","targetHints":{"allow":["GET"]}}],"collection":[{"href":"https:\/\/aukinkochile.com\/web\/wp-json\/wp\/v2\/product"}],"about":[{"href":"https:\/\/aukinkochile.com\/web\/wp-json\/wp\/v2\/types\/product"}],"replies":[{"embeddable":true,"href":"https:\/\/aukinkochile.com\/web\/wp-json\/wp\/v2\/comments?post=598576"}],"wp:featuredmedia":[{"embeddable":true,"href":"https:\/\/aukinkochile.com\/web\/wp-json\/wp\/v2\/media\/623460"}],"wp:attachment":[{"href":"https:\/\/aukinkochile.com\/web\/wp-json\/wp\/v2\/media?parent=598576"}],"wp:term":[{"taxonomy":"product_brand","embeddable":true,"href":"https:\/\/aukinkochile.com\/web\/wp-json\/wp\/v2\/product_brand?post=598576"},{"taxonomy":"product_cat","embeddable":true,"href":"https:\/\/aukinkochile.com\/web\/wp-json\/wp\/v2\/product_cat?post=598576"},{"taxonomy":"product_tag","embeddable":true,"href":"https:\/\/aukinkochile.com\/web\/wp-json\/wp\/v2\/product_tag?post=598576"}],"curies":[{"name":"wp","href":"https:\/\/api.w.org\/{rel}","templated":true}]}}