{"id":598566,"date":"2022-10-04T19:10:48","date_gmt":"2022-10-04T19:10:48","guid":{"rendered":"https:\/\/aukinkochile.com\/web\/producto\/juego-asociacion-familias-tablero\/"},"modified":"2024-11-11T21:10:03","modified_gmt":"2024-11-11T21:10:03","slug":"juego-asociacion-familias-tablero","status":"publish","type":"product","link":"https:\/\/aukinkochile.com\/web\/producto\/juego-asociacion-familias-tablero\/","title":{"rendered":"Juego Educativo Familias Tablero"},"content":{"rendered":"<p>Tablero de madera con 30 piezas cuadradas de 4,5 cm que asocia a cada familia que consta de 5 im\u00e1genes (animales selva, animales granja, animales mar, objetos, veh\u00edculos y frutas). Dise\u00f1o divertido y moderno. Juego de observaci\u00f3n y asociaci\u00f3n.<\/p>\n<p><p><strong>Material : <\/strong> Madera<\/p>\n<p><strong>C\u00f3digo Aukinko : <\/strong> 05-755124<\/p>\n<p><strong>C\u00f3digo Convenio Marco : <\/strong> x<\/p>\n","protected":false},"excerpt":{"rendered":"<p>Tablero de madera con 30 piezas cuadradas de 4,5 cm que asocia a cada familia que consta de 5 im\u00e1genes (animales selva, animales granja, animales mar, objetos, veh\u00edculos y frutas). Dise\u00f1o divertido y moderno. Juego de observaci\u00f3n y asociaci\u00f3n. Material : Madera C\u00f3digo Aukinko : 05-755124 C\u00f3digo Convenio Marco : x<\/p>\n","protected":false},"featured_media":623456,"comment_status":"open","ping_status":"closed","template":"","meta":{"_et_pb_use_builder":"","_et_pb_old_content":"","_et_gb_content_width":""},"product_brand":[],"product_cat":[150,151],"product_tag":[],"class_list":{"0":"post-598566","1":"product","2":"type-product","3":"status-publish","4":"has-post-thumbnail","6":"product_cat-asociacion-y-logica","7":"product_cat-lenguaje","8":"pa_edad-2-a-3-anos","9":"pa_edad-3-a-4-anos","10":"pa_edad-4-a-5-anos","11":"pa_marca-diset","12":"pa_medidas-32-x-32-x-0","13":"pa_medidas-9-cm","15":"first","16":"instock","17":"shipping-taxable","18":"purchasable","19":"product-type-simple"},"aioseo_notices":[],"_links":{"self":[{"href":"https:\/\/aukinkochile.com\/web\/wp-json\/wp\/v2\/product\/598566","targetHints":{"allow":["GET"]}}],"collection":[{"href":"https:\/\/aukinkochile.com\/web\/wp-json\/wp\/v2\/product"}],"about":[{"href":"https:\/\/aukinkochile.com\/web\/wp-json\/wp\/v2\/types\/product"}],"replies":[{"embeddable":true,"href":"https:\/\/aukinkochile.com\/web\/wp-json\/wp\/v2\/comments?post=598566"}],"wp:featuredmedia":[{"embeddable":true,"href":"https:\/\/aukinkochile.com\/web\/wp-json\/wp\/v2\/media\/623456"}],"wp:attachment":[{"href":"https:\/\/aukinkochile.com\/web\/wp-json\/wp\/v2\/media?parent=598566"}],"wp:term":[{"taxonomy":"product_brand","embeddable":true,"href":"https:\/\/aukinkochile.com\/web\/wp-json\/wp\/v2\/product_brand?post=598566"},{"taxonomy":"product_cat","embeddable":true,"href":"https:\/\/aukinkochile.com\/web\/wp-json\/wp\/v2\/product_cat?post=598566"},{"taxonomy":"product_tag","embeddable":true,"href":"https:\/\/aukinkochile.com\/web\/wp-json\/wp\/v2\/product_tag?post=598566"}],"curies":[{"name":"wp","href":"https:\/\/api.w.org\/{rel}","templated":true}]}}