{"id":598552,"date":"2022-10-04T19:10:40","date_gmt":"2022-10-04T19:10:40","guid":{"rendered":"https:\/\/aukinkochile.com\/web\/producto\/juego-de-mesa-memory-tom-y-sus-amigos-del-bosque\/"},"modified":"2024-11-11T21:09:56","modified_gmt":"2024-11-11T21:09:56","slug":"juego-de-mesa-memory-tom-y-sus-amigos-del-bosque","status":"publish","type":"product","link":"https:\/\/aukinkochile.com\/web\/producto\/juego-de-mesa-memory-tom-y-sus-amigos-del-bosque\/","title":{"rendered":"Juego de Mesa Memory Amigos del Bosque"},"content":{"rendered":"<p>Primer juego de memoria para los mas peque\u00f1os, con simp\u00e1ticos animalitos de el bosque. De madera de alta calidad. Piezas redondeadas. Desarrolla habilidad mental y coordinaci\u00f3n ojo\/mano. Cajas forradas de alta calidad.<\/p>\n<p><p><strong>Material : <\/strong> Madera<\/p>\n<p><strong>C\u00f3digo Aukinko : <\/strong> 05-753435<\/p>\n<p><strong>C\u00f3digo Convenio Marco : <\/strong> x<\/p>\n","protected":false},"excerpt":{"rendered":"<p>Primer juego de memoria para los mas peque\u00f1os, con simp\u00e1ticos animalitos de el bosque. De madera de alta calidad. Piezas redondeadas. Desarrolla habilidad mental y coordinaci\u00f3n ojo\/mano. Cajas forradas de alta calidad. Material : Madera C\u00f3digo Aukinko : 05-753435 C\u00f3digo Convenio Marco : x<\/p>\n","protected":false},"featured_media":623446,"comment_status":"open","ping_status":"closed","template":"","meta":{"_et_pb_use_builder":"","_et_pb_old_content":"","_et_gb_content_width":""},"product_brand":[],"product_cat":[150,149],"product_tag":[],"class_list":{"0":"post-598552","1":"product","2":"type-product","3":"status-publish","4":"has-post-thumbnail","6":"product_cat-asociacion-y-logica","7":"product_cat-juegos-de-mesa","8":"pa_edad-2-a-3-anos","9":"pa_edad-3-a-4-anos","10":"pa_edad-4-a-5-anos","11":"pa_edad-5-a-6-anos","12":"pa_marca-diset","13":"pa_medidas-18-x-13","14":"pa_medidas-5-cm","15":"pa_medidas-5-x-5","17":"first","18":"instock","19":"shipping-taxable","20":"purchasable","21":"product-type-simple"},"aioseo_notices":[],"_links":{"self":[{"href":"https:\/\/aukinkochile.com\/web\/wp-json\/wp\/v2\/product\/598552","targetHints":{"allow":["GET"]}}],"collection":[{"href":"https:\/\/aukinkochile.com\/web\/wp-json\/wp\/v2\/product"}],"about":[{"href":"https:\/\/aukinkochile.com\/web\/wp-json\/wp\/v2\/types\/product"}],"replies":[{"embeddable":true,"href":"https:\/\/aukinkochile.com\/web\/wp-json\/wp\/v2\/comments?post=598552"}],"wp:featuredmedia":[{"embeddable":true,"href":"https:\/\/aukinkochile.com\/web\/wp-json\/wp\/v2\/media\/623446"}],"wp:attachment":[{"href":"https:\/\/aukinkochile.com\/web\/wp-json\/wp\/v2\/media?parent=598552"}],"wp:term":[{"taxonomy":"product_brand","embeddable":true,"href":"https:\/\/aukinkochile.com\/web\/wp-json\/wp\/v2\/product_brand?post=598552"},{"taxonomy":"product_cat","embeddable":true,"href":"https:\/\/aukinkochile.com\/web\/wp-json\/wp\/v2\/product_cat?post=598552"},{"taxonomy":"product_tag","embeddable":true,"href":"https:\/\/aukinkochile.com\/web\/wp-json\/wp\/v2\/product_tag?post=598552"}],"curies":[{"name":"wp","href":"https:\/\/api.w.org\/{rel}","templated":true}]}}