{"id":598531,"date":"2022-10-04T19:10:28","date_gmt":"2022-10-04T19:10:28","guid":{"rendered":"https:\/\/aukinkochile.com\/web\/producto\/juego-magnetico-color\/"},"modified":"2025-06-26T16:12:31","modified_gmt":"2025-06-26T16:12:31","slug":"juego-magnetico-color","status":"publish","type":"product","link":"https:\/\/aukinkochile.com\/web\/producto\/juego-magnetico-color\/","title":{"rendered":"Juego Educativo Magn\u00e9tico Color"},"content":{"rendered":"<p>Divi\u00e9rtete con este juego de 16 actividades con piezas magn\u00e9ticas de madera para aprender los colores y comenzar a jugar los primeros juegos. Juego para emparejar colores, para terminar series de colores y terminar dibujos. Para aprender a contar de 1 a 5 se incluye un dado para jugar con 3 hojas diferentes. Juegos muy b\u00e1sicos. Complejo juego educativo y creativo. Ayuda a desarrollar habilidades manuales, as\u00ed como concentraci\u00f3n y atenci\u00f3n.<\/p>\n<p><p><strong>Material : <\/strong> Madera y Cart\u00f3n<\/p>\n<p><strong>C\u00f3digo Aukinko : <\/strong> 05-753142<\/p>\n<p><strong>C\u00f3digo Convenio Marco : <\/strong> x<\/p>\n","protected":false},"excerpt":{"rendered":"<p>Divi\u00e9rtete con este juego de 16 actividades con piezas magn\u00e9ticas de madera para aprender los colores y comenzar a jugar los primeros juegos. Juego para emparejar colores, para terminar series de colores y terminar dibujos. Para aprender a contar de 1 a 5 se incluye un dado para jugar con 3 hojas diferentes. Juegos muy [&hellip;]<\/p>\n","protected":false},"featured_media":623430,"comment_status":"open","ping_status":"closed","template":"","meta":{"_et_pb_use_builder":"","_et_pb_old_content":"","_et_gb_content_width":""},"product_brand":[],"product_cat":[7385,149,151],"product_tag":[],"class_list":{"0":"post-598531","1":"product","2":"type-product","3":"status-publish","4":"has-post-thumbnail","6":"product_cat-estimulacion-cognitiva-y-motora-para-adultos-mayores","7":"product_cat-juegos-de-mesa","8":"product_cat-lenguaje","9":"pa_edad-2-a-3-anos","10":"pa_edad-3-a-4-anos","11":"pa_edad-4-a-5-anos","12":"pa_marca-diset","13":"pa_medidas-43-x-28-x-34-cm","15":"first","16":"instock","17":"shipping-taxable","18":"purchasable","19":"product-type-simple"},"aioseo_notices":[],"_links":{"self":[{"href":"https:\/\/aukinkochile.com\/web\/wp-json\/wp\/v2\/product\/598531","targetHints":{"allow":["GET"]}}],"collection":[{"href":"https:\/\/aukinkochile.com\/web\/wp-json\/wp\/v2\/product"}],"about":[{"href":"https:\/\/aukinkochile.com\/web\/wp-json\/wp\/v2\/types\/product"}],"replies":[{"embeddable":true,"href":"https:\/\/aukinkochile.com\/web\/wp-json\/wp\/v2\/comments?post=598531"}],"wp:featuredmedia":[{"embeddable":true,"href":"https:\/\/aukinkochile.com\/web\/wp-json\/wp\/v2\/media\/623430"}],"wp:attachment":[{"href":"https:\/\/aukinkochile.com\/web\/wp-json\/wp\/v2\/media?parent=598531"}],"wp:term":[{"taxonomy":"product_brand","embeddable":true,"href":"https:\/\/aukinkochile.com\/web\/wp-json\/wp\/v2\/product_brand?post=598531"},{"taxonomy":"product_cat","embeddable":true,"href":"https:\/\/aukinkochile.com\/web\/wp-json\/wp\/v2\/product_cat?post=598531"},{"taxonomy":"product_tag","embeddable":true,"href":"https:\/\/aukinkochile.com\/web\/wp-json\/wp\/v2\/product_tag?post=598531"}],"curies":[{"name":"wp","href":"https:\/\/api.w.org\/{rel}","templated":true}]}}