{"id":598529,"date":"2022-10-04T19:10:26","date_gmt":"2022-10-04T19:10:26","guid":{"rendered":"https:\/\/aukinkochile.com\/web\/producto\/mosaico\/"},"modified":"2024-11-11T21:09:41","modified_gmt":"2024-11-11T21:09:41","slug":"mosaico","status":"publish","type":"product","link":"https:\/\/aukinkochile.com\/web\/producto\/mosaico\/","title":{"rendered":"Mosaico Cl\u00e1sico"},"content":{"rendered":"<p>Cl\u00e1sico juego de los mosaicos de madera. Completa 5 laminas ilustradas o crea tu mismo tus propios dise\u00f1os con una lamina negra. Las laminas son de dificultad progresiva.<\/p>\n<p><p><strong>Material : <\/strong> Madera y Cart\u00f3n<\/p>\n<p><strong>C\u00f3digo Aukinko : <\/strong> 05-753136<\/p>\n<p><strong>C\u00f3digo Convenio Marco : <\/strong> x<\/p>\n","protected":false},"excerpt":{"rendered":"<p>Cl\u00e1sico juego de los mosaicos de madera. Completa 5 laminas ilustradas o crea tu mismo tus propios dise\u00f1os con una lamina negra. Las laminas son de dificultad progresiva. Material : Madera y Cart\u00f3n C\u00f3digo Aukinko : 05-753136 C\u00f3digo Convenio Marco : x<\/p>\n","protected":false},"featured_media":623428,"comment_status":"open","ping_status":"closed","template":"","meta":{"_et_pb_use_builder":"","_et_pb_old_content":"","_et_gb_content_width":""},"product_brand":[],"product_cat":[21,19,20],"product_tag":[],"class_list":{"0":"post-598529","1":"product","2":"type-product","3":"status-publish","4":"has-post-thumbnail","6":"product_cat-arte-y-manipulacion","7":"product_cat-construccion","8":"product_cat-motricidad-fina","9":"pa_edad-3-a-4-anos","10":"pa_edad-4-a-5-anos","11":"pa_edad-5-a-6-anos","12":"pa_marca-diset","13":"pa_medidas-20-x-33","14":"pa_medidas-5-cm","15":"pa_medidas-5-x-2","17":"first","18":"instock","19":"shipping-taxable","20":"purchasable","21":"product-type-simple"},"aioseo_notices":[],"_links":{"self":[{"href":"https:\/\/aukinkochile.com\/web\/wp-json\/wp\/v2\/product\/598529","targetHints":{"allow":["GET"]}}],"collection":[{"href":"https:\/\/aukinkochile.com\/web\/wp-json\/wp\/v2\/product"}],"about":[{"href":"https:\/\/aukinkochile.com\/web\/wp-json\/wp\/v2\/types\/product"}],"replies":[{"embeddable":true,"href":"https:\/\/aukinkochile.com\/web\/wp-json\/wp\/v2\/comments?post=598529"}],"wp:featuredmedia":[{"embeddable":true,"href":"https:\/\/aukinkochile.com\/web\/wp-json\/wp\/v2\/media\/623428"}],"wp:attachment":[{"href":"https:\/\/aukinkochile.com\/web\/wp-json\/wp\/v2\/media?parent=598529"}],"wp:term":[{"taxonomy":"product_brand","embeddable":true,"href":"https:\/\/aukinkochile.com\/web\/wp-json\/wp\/v2\/product_brand?post=598529"},{"taxonomy":"product_cat","embeddable":true,"href":"https:\/\/aukinkochile.com\/web\/wp-json\/wp\/v2\/product_cat?post=598529"},{"taxonomy":"product_tag","embeddable":true,"href":"https:\/\/aukinkochile.com\/web\/wp-json\/wp\/v2\/product_tag?post=598529"}],"curies":[{"name":"wp","href":"https:\/\/api.w.org\/{rel}","templated":true}]}}