{"id":598519,"date":"2022-10-04T19:10:20","date_gmt":"2022-10-04T19:10:20","guid":{"rendered":"https:\/\/aukinkochile.com\/web\/producto\/puzle-madera-asociacion-8-pz-bano\/"},"modified":"2025-06-26T16:12:31","modified_gmt":"2025-06-26T16:12:31","slug":"puzle-madera-asociacion-8-pz-bano","status":"publish","type":"product","link":"https:\/\/aukinkochile.com\/web\/producto\/puzle-madera-asociacion-8-pz-bano\/","title":{"rendered":"Puzle Madera Asociaci\u00f3n 8 pz Ba\u00f1o"},"content":{"rendered":"<p>Puzle de tarugo en base de madera. Puzle de 8 piezas encajables. Asociaci\u00f3n de elementos del ba\u00f1o y su acci\u00f3n correspondiente.<\/p>\n<p><p><strong>Material : <\/strong> Madera<\/p>\n<p><strong>C\u00f3digo Aukinko : <\/strong> 05-753032<\/p>\n<p><strong>C\u00f3digo Convenio Marco : <\/strong> x<\/p>\n","protected":false},"excerpt":{"rendered":"<p>Puzle de tarugo en base de madera. Puzle de 8 piezas encajables. Asociaci\u00f3n de elementos del ba\u00f1o y su acci\u00f3n correspondiente. Material : Madera C\u00f3digo Aukinko : 05-753032 C\u00f3digo Convenio Marco : x<\/p>\n","protected":false},"featured_media":623420,"comment_status":"open","ping_status":"closed","template":"","meta":{"_et_pb_use_builder":"","_et_pb_old_content":"","_et_gb_content_width":""},"product_brand":[],"product_cat":[91,7385,20,22],"product_tag":[],"class_list":{"0":"post-598519","1":"product","2":"type-product","3":"status-publish","4":"has-post-thumbnail","6":"product_cat-accesorios-sala","7":"product_cat-estimulacion-cognitiva-y-motora-para-adultos-mayores","8":"product_cat-motricidad-fina","9":"product_cat-puzzles","10":"pa_edad-2-a-3-anos","11":"pa_edad-3-a-4-anos","12":"pa_edad-4-a-5-anos","13":"pa_marca-diset","14":"pa_medidas-28-x-28-x-2","15":"pa_medidas-5-cm","17":"first","18":"instock","19":"shipping-taxable","20":"purchasable","21":"product-type-simple"},"aioseo_notices":[],"_links":{"self":[{"href":"https:\/\/aukinkochile.com\/web\/wp-json\/wp\/v2\/product\/598519","targetHints":{"allow":["GET"]}}],"collection":[{"href":"https:\/\/aukinkochile.com\/web\/wp-json\/wp\/v2\/product"}],"about":[{"href":"https:\/\/aukinkochile.com\/web\/wp-json\/wp\/v2\/types\/product"}],"replies":[{"embeddable":true,"href":"https:\/\/aukinkochile.com\/web\/wp-json\/wp\/v2\/comments?post=598519"}],"wp:featuredmedia":[{"embeddable":true,"href":"https:\/\/aukinkochile.com\/web\/wp-json\/wp\/v2\/media\/623420"}],"wp:attachment":[{"href":"https:\/\/aukinkochile.com\/web\/wp-json\/wp\/v2\/media?parent=598519"}],"wp:term":[{"taxonomy":"product_brand","embeddable":true,"href":"https:\/\/aukinkochile.com\/web\/wp-json\/wp\/v2\/product_brand?post=598519"},{"taxonomy":"product_cat","embeddable":true,"href":"https:\/\/aukinkochile.com\/web\/wp-json\/wp\/v2\/product_cat?post=598519"},{"taxonomy":"product_tag","embeddable":true,"href":"https:\/\/aukinkochile.com\/web\/wp-json\/wp\/v2\/product_tag?post=598519"}],"curies":[{"name":"wp","href":"https:\/\/api.w.org\/{rel}","templated":true}]}}