{"id":598515,"date":"2022-10-04T19:10:13","date_gmt":"2022-10-04T19:10:13","guid":{"rendered":"https:\/\/aukinkochile.com\/web\/producto\/juego-expresiones\/"},"modified":"2024-11-11T21:09:31","modified_gmt":"2024-11-11T21:09:31","slug":"juego-expresiones","status":"publish","type":"product","link":"https:\/\/aukinkochile.com\/web\/producto\/juego-expresiones\/","title":{"rendered":"Juego Expresiones"},"content":{"rendered":"<p>Divi\u00e9rtete creando rostros diferentes combinando las piezas de boca, ojos y cabello. Juego de asociaci\u00f3n para aprender a identificar diferentes rasgos faciales y expresiones. Ideal para ni\u00f1os que tienen dificultad de la comprensi\u00f3n y estructura del lenguaje.<\/p>\n<p><p><strong>Material : <\/strong> Madera<\/p>\n<p><strong>C\u00f3digo Aukinko : <\/strong> 05-751351<\/p>\n<p><strong>C\u00f3digo Convenio Marco : <\/strong> x<\/p>\n","protected":false},"excerpt":{"rendered":"<p>Divi\u00e9rtete creando rostros diferentes combinando las piezas de boca, ojos y cabello. Juego de asociaci\u00f3n para aprender a identificar diferentes rasgos faciales y expresiones. Ideal para ni\u00f1os que tienen dificultad de la comprensi\u00f3n y estructura del lenguaje. Material : Madera C\u00f3digo Aukinko : 05-751351 C\u00f3digo Convenio Marco : x<\/p>\n","protected":false},"featured_media":623416,"comment_status":"open","ping_status":"closed","template":"","meta":{"_et_pb_use_builder":"","_et_pb_old_content":"","_et_gb_content_width":""},"product_brand":[],"product_cat":[150,149],"product_tag":[],"class_list":{"0":"post-598515","1":"product","2":"type-product","3":"status-publish","4":"has-post-thumbnail","6":"product_cat-asociacion-y-logica","7":"product_cat-juegos-de-mesa","8":"pa_edad-3-a-4-anos","9":"pa_edad-4-a-5-anos","10":"pa_edad-5-a-6-anos","11":"pa_edad-6-a-8-anos","12":"pa_edad-8-a-10-anos","13":"pa_marca-diset","14":"pa_medidas-23-x-23-x-4","15":"pa_medidas-5-caja-madera","17":"first","18":"instock","19":"shipping-taxable","20":"purchasable","21":"product-type-simple"},"aioseo_notices":[],"_links":{"self":[{"href":"https:\/\/aukinkochile.com\/web\/wp-json\/wp\/v2\/product\/598515","targetHints":{"allow":["GET"]}}],"collection":[{"href":"https:\/\/aukinkochile.com\/web\/wp-json\/wp\/v2\/product"}],"about":[{"href":"https:\/\/aukinkochile.com\/web\/wp-json\/wp\/v2\/types\/product"}],"replies":[{"embeddable":true,"href":"https:\/\/aukinkochile.com\/web\/wp-json\/wp\/v2\/comments?post=598515"}],"wp:featuredmedia":[{"embeddable":true,"href":"https:\/\/aukinkochile.com\/web\/wp-json\/wp\/v2\/media\/623416"}],"wp:attachment":[{"href":"https:\/\/aukinkochile.com\/web\/wp-json\/wp\/v2\/media?parent=598515"}],"wp:term":[{"taxonomy":"product_brand","embeddable":true,"href":"https:\/\/aukinkochile.com\/web\/wp-json\/wp\/v2\/product_brand?post=598515"},{"taxonomy":"product_cat","embeddable":true,"href":"https:\/\/aukinkochile.com\/web\/wp-json\/wp\/v2\/product_cat?post=598515"},{"taxonomy":"product_tag","embeddable":true,"href":"https:\/\/aukinkochile.com\/web\/wp-json\/wp\/v2\/product_tag?post=598515"}],"curies":[{"name":"wp","href":"https:\/\/api.w.org\/{rel}","templated":true}]}}