{"id":598507,"date":"2022-10-04T19:10:10","date_gmt":"2022-10-04T19:10:10","guid":{"rendered":"https:\/\/aukinkochile.com\/web\/producto\/juego-logico-ciudad\/"},"modified":"2025-06-26T16:12:25","modified_gmt":"2025-06-26T16:12:25","slug":"juego-logico-ciudad","status":"publish","type":"product","link":"https:\/\/aukinkochile.com\/web\/producto\/juego-logico-ciudad\/","title":{"rendered":"Juego Educativo L\u00f3gico Ciudad"},"content":{"rendered":"<p>El juego que mencionas es una excelente herramienta para desarrollar la orientaci\u00f3n espacial. Contiene 14 piezas de madera, una base reversible con un escenario decorado y 45 tarjetas de cart\u00f3n progresivas en tres niveles de dificultad: inicial, intermedio y avanzado. Los jugadores observan las tarjetas, construyen la soluci\u00f3n en la base con las piezas de madera y luego comprueban si es correcta. Este tipo de juego es beneficioso para estimular la concentraci\u00f3n, el pensamiento espacial y la resoluci\u00f3n de problemas. Adem\u00e1s, ofrece un reto creciente a medida que los jugadores avanzan a trav\u00e9s de los niveles de dificultad. Puede ser una forma divertida y educativa de aprender y mejorar las habilidades de orientaci\u00f3n espacial.<\/p>\n<p><p><strong>Material : <\/strong> Madera y Cart\u00f3n<\/p>\n<p><strong>C\u00f3digo Aukinko : <\/strong> 05-750200<\/p>\n<p><strong>C\u00f3digo Convenio Marco : <\/strong> x<\/p>\n","protected":false},"excerpt":{"rendered":"<p>El juego que mencionas es una excelente herramienta para desarrollar la orientaci\u00f3n espacial. Contiene 14 piezas de madera, una base reversible con un escenario decorado y 45 tarjetas de cart\u00f3n progresivas en tres niveles de dificultad: inicial, intermedio y avanzado. Los jugadores observan las tarjetas, construyen la soluci\u00f3n en la base con las piezas de [&hellip;]<\/p>\n","protected":false},"featured_media":623409,"comment_status":"open","ping_status":"closed","template":"","meta":{"_et_pb_use_builder":"","_et_pb_old_content":"","_et_gb_content_width":""},"product_brand":[],"product_cat":[7385,149,90],"product_tag":[],"class_list":{"0":"post-598507","1":"product","2":"type-product","3":"status-publish","4":"has-post-thumbnail","6":"product_cat-estimulacion-cognitiva-y-motora-para-adultos-mayores","7":"product_cat-juegos-de-mesa","8":"product_cat-matematicas","9":"pa_edad-3-a-4-anos","10":"pa_edad-4-a-5-anos","11":"pa_edad-5-a-6-anos","12":"pa_marca-diset","13":"pa_medidas-24-x-18-x-5","14":"pa_medidas-3-cm-caja","16":"first","17":"instock","18":"shipping-taxable","19":"purchasable","20":"product-type-simple"},"aioseo_notices":[],"_links":{"self":[{"href":"https:\/\/aukinkochile.com\/web\/wp-json\/wp\/v2\/product\/598507","targetHints":{"allow":["GET"]}}],"collection":[{"href":"https:\/\/aukinkochile.com\/web\/wp-json\/wp\/v2\/product"}],"about":[{"href":"https:\/\/aukinkochile.com\/web\/wp-json\/wp\/v2\/types\/product"}],"replies":[{"embeddable":true,"href":"https:\/\/aukinkochile.com\/web\/wp-json\/wp\/v2\/comments?post=598507"}],"wp:featuredmedia":[{"embeddable":true,"href":"https:\/\/aukinkochile.com\/web\/wp-json\/wp\/v2\/media\/623409"}],"wp:attachment":[{"href":"https:\/\/aukinkochile.com\/web\/wp-json\/wp\/v2\/media?parent=598507"}],"wp:term":[{"taxonomy":"product_brand","embeddable":true,"href":"https:\/\/aukinkochile.com\/web\/wp-json\/wp\/v2\/product_brand?post=598507"},{"taxonomy":"product_cat","embeddable":true,"href":"https:\/\/aukinkochile.com\/web\/wp-json\/wp\/v2\/product_cat?post=598507"},{"taxonomy":"product_tag","embeddable":true,"href":"https:\/\/aukinkochile.com\/web\/wp-json\/wp\/v2\/product_tag?post=598507"}],"curies":[{"name":"wp","href":"https:\/\/api.w.org\/{rel}","templated":true}]}}