{"id":597701,"date":"2022-09-28T17:30:13","date_gmt":"2022-09-28T17:30:13","guid":{"rendered":"https:\/\/aukinkochile.com\/web\/producto\/cuaderno-stickers-animales\/"},"modified":"2025-11-06T18:41:19","modified_gmt":"2025-11-06T18:41:19","slug":"cuaderno-stickers-animales","status":"publish","type":"product","link":"https:\/\/aukinkochile.com\/web\/producto\/cuaderno-stickers-animales\/","title":{"rendered":"Cuaderno Stickers Animales"},"content":{"rendered":"<p>Cuaderno con 12 paginas y 400 stickers divertidos de animales. \u00dasalos para decorar lo que quieras.<\/p>\n<p><p><strong>Material : <\/strong> Cart\u00f3n y Papel<\/p>\n<p><strong>C\u00f3digo Aukinko : <\/strong> 08-21005032<\/p>\n<p><strong>C\u00f3digo Convenio Marco : <\/strong> x<\/p>\n","protected":false},"excerpt":{"rendered":"<p>Cuaderno con 12 paginas y 400 stickers divertidos de animales. \u00dasalos para decorar lo que quieras. Material : Cart\u00f3n y Papel C\u00f3digo Aukinko : 08-21005032 C\u00f3digo Convenio Marco : x<\/p>\n","protected":false},"featured_media":625290,"comment_status":"open","ping_status":"closed","template":"","meta":{"_et_pb_use_builder":"","_et_pb_old_content":"","_et_gb_content_width":""},"product_brand":[],"product_cat":[21],"product_tag":[],"class_list":{"0":"post-597701","1":"product","2":"type-product","3":"status-publish","4":"has-post-thumbnail","6":"product_cat-arte-y-manipulacion","7":"pa_edad-10-anos","8":"pa_edad-3-a-4-anos","9":"pa_edad-4-a-5-anos","10":"pa_edad-5-a-6-anos","11":"pa_edad-6-a-8-anos","12":"pa_edad-8-a-10-anos","13":"pa_marca-galt","14":"pa_medidas-4569","15":"pa_medidas-4-cm","16":"pa_medidas-7-x-21-x-0","18":"first","19":"instock","20":"shipping-taxable","21":"purchasable","22":"product-type-simple"},"aioseo_notices":[],"_links":{"self":[{"href":"https:\/\/aukinkochile.com\/web\/wp-json\/wp\/v2\/product\/597701","targetHints":{"allow":["GET"]}}],"collection":[{"href":"https:\/\/aukinkochile.com\/web\/wp-json\/wp\/v2\/product"}],"about":[{"href":"https:\/\/aukinkochile.com\/web\/wp-json\/wp\/v2\/types\/product"}],"replies":[{"embeddable":true,"href":"https:\/\/aukinkochile.com\/web\/wp-json\/wp\/v2\/comments?post=597701"}],"wp:featuredmedia":[{"embeddable":true,"href":"https:\/\/aukinkochile.com\/web\/wp-json\/wp\/v2\/media\/625290"}],"wp:attachment":[{"href":"https:\/\/aukinkochile.com\/web\/wp-json\/wp\/v2\/media?parent=597701"}],"wp:term":[{"taxonomy":"product_brand","embeddable":true,"href":"https:\/\/aukinkochile.com\/web\/wp-json\/wp\/v2\/product_brand?post=597701"},{"taxonomy":"product_cat","embeddable":true,"href":"https:\/\/aukinkochile.com\/web\/wp-json\/wp\/v2\/product_cat?post=597701"},{"taxonomy":"product_tag","embeddable":true,"href":"https:\/\/aukinkochile.com\/web\/wp-json\/wp\/v2\/product_tag?post=597701"}],"curies":[{"name":"wp","href":"https:\/\/api.w.org\/{rel}","templated":true}]}}