{"id":597651,"date":"2022-09-28T17:29:57","date_gmt":"2022-09-28T17:29:57","guid":{"rendered":"https:\/\/aukinkochile.com\/web\/producto\/enlazar-botones-40-pz\/"},"modified":"2025-11-06T18:39:46","modified_gmt":"2025-11-06T18:39:46","slug":"enlazar-botones-40-pz","status":"publish","type":"product","link":"https:\/\/aukinkochile.com\/web\/producto\/enlazar-botones-40-pz\/","title":{"rendered":"Enlazar Botones 40 Pz"},"content":{"rendered":"<p>Set de 40 botones de pl\u00e1stico duro, para variadas actividades. Con 5 diferentes patrones para seguir. F\u00e1cil enhebrado. De variados colores y de material durable. Desde 3 a 6 a\u00f1os.<\/p>\n<p><p><strong>Material : <\/strong> Pl\u00e1stico<\/p>\n<p><strong>C\u00f3digo Aukinko : <\/strong> 08-21003238<\/p>\n<p><strong>C\u00f3digo Convenio Marco : <\/strong> x<\/p>\n","protected":false},"excerpt":{"rendered":"<p>Set de 40 botones de pl\u00e1stico duro, para variadas actividades. Con 5 diferentes patrones para seguir. F\u00e1cil enhebrado. De variados colores y de material durable. Desde 3 a 6 a\u00f1os. Material : Pl\u00e1stico C\u00f3digo Aukinko : 08-21003238 C\u00f3digo Convenio Marco : x<\/p>\n","protected":false},"featured_media":625230,"comment_status":"open","ping_status":"closed","template":"","meta":{"_et_pb_use_builder":"","_et_pb_old_content":"","_et_gb_content_width":""},"product_brand":[],"product_cat":[91,21,20],"product_tag":[],"class_list":{"0":"post-597651","1":"product","2":"type-product","3":"status-publish","4":"has-post-thumbnail","6":"product_cat-accesorios-sala","7":"product_cat-arte-y-manipulacion","8":"product_cat-motricidad-fina","9":"pa_edad-3-a-4-anos","10":"pa_edad-4-a-5-anos","11":"pa_edad-5-a-6-anos","12":"pa_marca-galt","13":"pa_medidas-17-x-23-x-5-cm","15":"first","16":"instock","17":"shipping-taxable","18":"purchasable","19":"product-type-simple"},"aioseo_notices":[],"_links":{"self":[{"href":"https:\/\/aukinkochile.com\/web\/wp-json\/wp\/v2\/product\/597651","targetHints":{"allow":["GET"]}}],"collection":[{"href":"https:\/\/aukinkochile.com\/web\/wp-json\/wp\/v2\/product"}],"about":[{"href":"https:\/\/aukinkochile.com\/web\/wp-json\/wp\/v2\/types\/product"}],"replies":[{"embeddable":true,"href":"https:\/\/aukinkochile.com\/web\/wp-json\/wp\/v2\/comments?post=597651"}],"wp:featuredmedia":[{"embeddable":true,"href":"https:\/\/aukinkochile.com\/web\/wp-json\/wp\/v2\/media\/625230"}],"wp:attachment":[{"href":"https:\/\/aukinkochile.com\/web\/wp-json\/wp\/v2\/media?parent=597651"}],"wp:term":[{"taxonomy":"product_brand","embeddable":true,"href":"https:\/\/aukinkochile.com\/web\/wp-json\/wp\/v2\/product_brand?post=597651"},{"taxonomy":"product_cat","embeddable":true,"href":"https:\/\/aukinkochile.com\/web\/wp-json\/wp\/v2\/product_cat?post=597651"},{"taxonomy":"product_tag","embeddable":true,"href":"https:\/\/aukinkochile.com\/web\/wp-json\/wp\/v2\/product_tag?post=597651"}],"curies":[{"name":"wp","href":"https:\/\/api.w.org\/{rel}","templated":true}]}}