{"id":596325,"date":"2022-09-13T17:49:20","date_gmt":"2022-09-13T17:49:20","guid":{"rendered":"https:\/\/aukinkochile.com\/web\/producto\/aro-35-cm-c-u\/"},"modified":"2025-06-26T16:13:10","modified_gmt":"2025-06-26T16:13:10","slug":"aro-35-cm-c-u","status":"publish","type":"product","link":"https:\/\/aukinkochile.com\/web\/producto\/aro-35-cm-c-u\/","title":{"rendered":"Aro 35 cm c\/u"},"content":{"rendered":"<p>Aro de 35 cm para lanzar, saltar y hacer rodar. Est\u00e1 fabricado sin uniones ni soldaduras, lo que lo hace muy resistente. Adem\u00e1s, es plano y se puede caminar sobre \u00e9l. Este aro tiene memoria, por lo que vuelve a su forma original. Es de gran calidad y resistencia, adecuado para diversas actividades corporales y de entretenimiento. Viene en 6 diferentes colores surtidos, y el precio es por unidad. (Stock limitado, preguntar por si necesita mas de una unidad)<\/p>\n<p><p><strong>Material : <\/strong> Pl\u00e1stico<\/p>\n<p><strong>C\u00f3digo Aukinko : <\/strong> 08-7115121<\/p>\n<p><strong>C\u00f3digo Convenio Marco : <\/strong> x<\/p>\n","protected":false},"excerpt":{"rendered":"<p>Aro de 35 cm para lanzar, saltar y hacer rodar. Est\u00e1 fabricado sin uniones ni soldaduras, lo que lo hace muy resistente. Adem\u00e1s, es plano y se puede caminar sobre \u00e9l. Este aro tiene memoria, por lo que vuelve a su forma original. Es de gran calidad y resistencia, adecuado para diversas actividades corporales y [&hellip;]<\/p>\n","protected":false},"featured_media":596324,"comment_status":"open","ping_status":"closed","template":"","meta":{"_et_pb_use_builder":"","_et_pb_old_content":"","_et_gb_content_width":""},"product_brand":[],"product_cat":[148,7385,18],"product_tag":[],"class_list":{"0":"post-596325","1":"product","2":"type-product","3":"status-publish","4":"has-post-thumbnail","6":"product_cat-deportes","7":"product_cat-estimulacion-cognitiva-y-motora-para-adultos-mayores","8":"product_cat-motricidad-gruesa","9":"pa_edad-10-anos","10":"pa_edad-3-a-4-anos","11":"pa_edad-4-a-5-anos","12":"pa_edad-5-a-6-anos","13":"pa_edad-6-a-8-anos","14":"pa_edad-8-a-10-anos","15":"pa_marca-wesco","16":"pa_medidas-35-cm-diametro","18":"first","19":"instock","20":"shipping-taxable","21":"purchasable","22":"product-type-simple"},"aioseo_notices":[],"_links":{"self":[{"href":"https:\/\/aukinkochile.com\/web\/wp-json\/wp\/v2\/product\/596325","targetHints":{"allow":["GET"]}}],"collection":[{"href":"https:\/\/aukinkochile.com\/web\/wp-json\/wp\/v2\/product"}],"about":[{"href":"https:\/\/aukinkochile.com\/web\/wp-json\/wp\/v2\/types\/product"}],"replies":[{"embeddable":true,"href":"https:\/\/aukinkochile.com\/web\/wp-json\/wp\/v2\/comments?post=596325"}],"wp:featuredmedia":[{"embeddable":true,"href":"https:\/\/aukinkochile.com\/web\/wp-json\/wp\/v2\/media\/596324"}],"wp:attachment":[{"href":"https:\/\/aukinkochile.com\/web\/wp-json\/wp\/v2\/media?parent=596325"}],"wp:term":[{"taxonomy":"product_brand","embeddable":true,"href":"https:\/\/aukinkochile.com\/web\/wp-json\/wp\/v2\/product_brand?post=596325"},{"taxonomy":"product_cat","embeddable":true,"href":"https:\/\/aukinkochile.com\/web\/wp-json\/wp\/v2\/product_cat?post=596325"},{"taxonomy":"product_tag","embeddable":true,"href":"https:\/\/aukinkochile.com\/web\/wp-json\/wp\/v2\/product_tag?post=596325"}],"curies":[{"name":"wp","href":"https:\/\/api.w.org\/{rel}","templated":true}]}}