{"id":596303,"date":"2022-09-13T17:41:55","date_gmt":"2022-09-13T17:41:55","guid":{"rendered":"https:\/\/aukinkochile.com\/web\/producto\/cojin-ballena-con-luz-azul\/"},"modified":"2024-04-29T20:51:41","modified_gmt":"2024-04-29T20:51:41","slug":"cojin-ballena-con-luz-azul","status":"publish","type":"product","link":"https:\/\/aukinkochile.com\/web\/producto\/cojin-ballena-con-luz-azul\/","title":{"rendered":"Coj\u00edn Ballena con Luz"},"content":{"rendered":"<p>Cautivadora, la luz nocturna Aqua Dream ofrece maravillosas proyecciones acu\u00e1ticas mientras difunde una dulce melod\u00eda.\u00a0Ideal para calmar y dormir al beb\u00e9.\u00a0El sonido y la luz se pueden combinar o usar por separado. Esta luz nocturna produce sonidos blancos para ayudar al beb\u00e9 a conciliar el sue\u00f1o. Incluye 3 intensidades de luz y 2 m\u00fasicas a elegir: melod\u00eda marina o ruido blanco (olas, lluvia o latidos intrauterinos). Volumen regulable (4 niveles de sonido + silencio). Apagado autom\u00e1tico: m\u00fasica 15 min, proyecciones 22 min. (Stock limitado, preguntar por si necesita mas de una unidad)<\/p>\n<p><p><strong>Material : <\/strong> Genero y Plastico<\/p>\n<p><strong>C\u00f3digo Aukinko : <\/strong> 08-7159838<\/p>\n<p><strong>C\u00f3digo Convenio Marco : <\/strong> x<\/p>\n","protected":false},"excerpt":{"rendered":"<p>Cautivadora, la luz nocturna Aqua Dream ofrece maravillosas proyecciones acu\u00e1ticas mientras difunde una dulce melod\u00eda.\u00a0Ideal para calmar y dormir al beb\u00e9.\u00a0El sonido y la luz se pueden combinar o usar por separado. Esta luz nocturna produce sonidos blancos para ayudar al beb\u00e9 a conciliar el sue\u00f1o. Incluye 3 intensidades de luz y 2 m\u00fasicas a [&hellip;]<\/p>\n","protected":false},"featured_media":625771,"comment_status":"open","ping_status":"closed","template":"","meta":{"_et_pb_use_builder":"","_et_pb_old_content":"","_et_gb_content_width":""},"product_brand":[],"product_cat":[91,23],"product_tag":[],"class_list":{"0":"post-596303","1":"product","2":"type-product","3":"status-publish","4":"has-post-thumbnail","6":"product_cat-accesorios-sala","7":"product_cat-primeros-anos","8":"pa_edad-0-a-1-ano","9":"pa_edad-1-a-2-anos","10":"pa_edad-2-a-3-anos","11":"pa_edad-3-a-4-anos","12":"pa_edad-4-a-5-anos","13":"pa_marca-wesco","14":"pa_medidas-35-x-22-x-14-cm","16":"first","17":"instock","18":"shipping-taxable","19":"purchasable","20":"product-type-simple"},"aioseo_notices":[],"_links":{"self":[{"href":"https:\/\/aukinkochile.com\/web\/wp-json\/wp\/v2\/product\/596303","targetHints":{"allow":["GET"]}}],"collection":[{"href":"https:\/\/aukinkochile.com\/web\/wp-json\/wp\/v2\/product"}],"about":[{"href":"https:\/\/aukinkochile.com\/web\/wp-json\/wp\/v2\/types\/product"}],"replies":[{"embeddable":true,"href":"https:\/\/aukinkochile.com\/web\/wp-json\/wp\/v2\/comments?post=596303"}],"wp:featuredmedia":[{"embeddable":true,"href":"https:\/\/aukinkochile.com\/web\/wp-json\/wp\/v2\/media\/625771"}],"wp:attachment":[{"href":"https:\/\/aukinkochile.com\/web\/wp-json\/wp\/v2\/media?parent=596303"}],"wp:term":[{"taxonomy":"product_brand","embeddable":true,"href":"https:\/\/aukinkochile.com\/web\/wp-json\/wp\/v2\/product_brand?post=596303"},{"taxonomy":"product_cat","embeddable":true,"href":"https:\/\/aukinkochile.com\/web\/wp-json\/wp\/v2\/product_cat?post=596303"},{"taxonomy":"product_tag","embeddable":true,"href":"https:\/\/aukinkochile.com\/web\/wp-json\/wp\/v2\/product_tag?post=596303"}],"curies":[{"name":"wp","href":"https:\/\/api.w.org\/{rel}","templated":true}]}}