{"id":596299,"date":"2022-09-13T17:41:54","date_gmt":"2022-09-13T17:41:54","guid":{"rendered":"https:\/\/aukinkochile.com\/web\/producto\/cojines-numeros-set-10\/"},"modified":"2024-04-29T20:51:40","modified_gmt":"2024-04-29T20:51:40","slug":"cojines-numeros-set-10","status":"publish","type":"product","link":"https:\/\/aukinkochile.com\/web\/producto\/cojines-numeros-set-10\/","title":{"rendered":"Coj\u00edn N\u00fameros set 10 pz"},"content":{"rendered":"<p>Este hermoso set de cojines con formas de n\u00fameros es excelente para un acercamiento suave a los n\u00fameros. Crea una decoraci\u00f3n original o una actividad educativa con estos cojines en forma de n\u00fameros. De material suave y resistente. Incluye 10 cojines num\u00e9ricos del 0 al 9 y coj\u00edn con forma del signo de suma. (Stock limitado, preguntar por si necesita mas de una unidad)<\/p>\n<p><p><strong>Material : <\/strong> Genero y Plastico<\/p>\n<p><strong>C\u00f3digo Aukinko : <\/strong> 08-7158434<\/p>\n<p><strong>C\u00f3digo Convenio Marco : <\/strong> x<\/p>\n","protected":false},"excerpt":{"rendered":"<p>Este hermoso set de cojines con formas de n\u00fameros es excelente para un acercamiento suave a los n\u00fameros. Crea una decoraci\u00f3n original o una actividad educativa con estos cojines en forma de n\u00fameros. De material suave y resistente. Incluye 10 cojines num\u00e9ricos del 0 al 9 y coj\u00edn con forma del signo de suma. (Stock [&hellip;]<\/p>\n","protected":false},"featured_media":625779,"comment_status":"open","ping_status":"closed","template":"","meta":{"_et_pb_use_builder":"","_et_pb_old_content":"","_et_gb_content_width":""},"product_brand":[],"product_cat":[91,23],"product_tag":[],"class_list":{"0":"post-596299","1":"product","2":"type-product","3":"status-publish","4":"has-post-thumbnail","6":"product_cat-accesorios-sala","7":"product_cat-primeros-anos","8":"pa_edad-0-a-1-ano","9":"pa_edad-1-a-2-anos","10":"pa_edad-2-a-3-anos","11":"pa_edad-3-a-4-anos","12":"pa_edad-4-a-5-anos","13":"pa_marca-wesco","14":"pa_medidas-44-x-15-cm","16":"first","17":"instock","18":"shipping-taxable","19":"purchasable","20":"product-type-simple"},"aioseo_notices":[],"_links":{"self":[{"href":"https:\/\/aukinkochile.com\/web\/wp-json\/wp\/v2\/product\/596299","targetHints":{"allow":["GET"]}}],"collection":[{"href":"https:\/\/aukinkochile.com\/web\/wp-json\/wp\/v2\/product"}],"about":[{"href":"https:\/\/aukinkochile.com\/web\/wp-json\/wp\/v2\/types\/product"}],"replies":[{"embeddable":true,"href":"https:\/\/aukinkochile.com\/web\/wp-json\/wp\/v2\/comments?post=596299"}],"wp:featuredmedia":[{"embeddable":true,"href":"https:\/\/aukinkochile.com\/web\/wp-json\/wp\/v2\/media\/625779"}],"wp:attachment":[{"href":"https:\/\/aukinkochile.com\/web\/wp-json\/wp\/v2\/media?parent=596299"}],"wp:term":[{"taxonomy":"product_brand","embeddable":true,"href":"https:\/\/aukinkochile.com\/web\/wp-json\/wp\/v2\/product_brand?post=596299"},{"taxonomy":"product_cat","embeddable":true,"href":"https:\/\/aukinkochile.com\/web\/wp-json\/wp\/v2\/product_cat?post=596299"},{"taxonomy":"product_tag","embeddable":true,"href":"https:\/\/aukinkochile.com\/web\/wp-json\/wp\/v2\/product_tag?post=596299"}],"curies":[{"name":"wp","href":"https:\/\/api.w.org\/{rel}","templated":true}]}}